{"id":1004,"date":"2026-02-08T22:09:10","date_gmt":"2026-02-08T21:09:10","guid":{"rendered":"https:\/\/vitria.com.uy\/web\/?post_type=product&#038;p=1004"},"modified":"2026-02-08T22:53:59","modified_gmt":"2026-02-08T21:53:59","slug":"dispositivo-retractil-cable-1015-y-20mts","status":"publish","type":"product","link":"https:\/\/vitria.com.uy\/web\/producto\/dispositivo-retractil-cable-1015-y-20mts\/","title":{"rendered":"DISPOSITIVO RETR\u00c1CTIL CABLE 10,15 y 20mts"},"content":{"rendered":"<p>DISPOSITIVO RETR\u00c1CTIL CABLE 6M, 10M, 15M, 20M para uso vertical y horizontal<br \/>\nLos dispositivos antica\u00eddas retr\u00e1ctiles modelo Climax 6M, 10M, 15M, 20M son dispositivos para uso vertical y horizontal provistos de frenado autom\u00e1tico por inercia. Permite el desplazamiento del usuario en una amplia zona de trabajo ofreci\u00e9ndole protecci\u00f3n contra eventuales ca\u00eddas de altura. Est\u00e1n compuestos por:<\/p>\n<p>Conector Climax 30: Conector sim\u00e9trico de bloqueo manual de rosca.<br \/>\nDi\u00e1metro de apertura: 16 mm.<br \/>\nCarcasa en poliamida con fibra de vidrio<br \/>\nAbsorbedor de energ\u00eda<br \/>\nCable de acero galvanizado de 4,8 mm de di\u00e1metro y de 6 metros, 10 metros, 15 metros o 20 metros de longitud.<br \/>\nConector: Conector giratorio de bloqueo autom\u00e1tico. Di\u00e1metro de apertura de 19 m.<br \/>\nCuerda de asistencia<br \/>\nCarga m\u00e1xima: 120 kgs.<br \/>\nPeso: 6M: 5 kg \u2013 10M: 6 kg \u2013 15M: 8 kg \u2013 20M: 10 kg<br \/>\nIncluido malet\u00edn de transporte y almacenaje.<br \/>\nEN 360:2002 \u00b7 RFU CNB\/P\/11.060<\/p>\n","protected":false},"excerpt":{"rendered":"<p>DISPOSITIVO RETR\u00c1CTIL CABLE 6M, 10M, 15M, 20M para uso vertical y horizontal Los dispositivos antica\u00eddas retr\u00e1ctiles modelo Climax 6M, 10M, 15M, 20M son dispositivos para uso vertical y horizontal provistos de frenado autom\u00e1tico por inercia. Permite el desplazamiento del usuario en una amplia zona de trabajo ofreci\u00e9ndole protecci\u00f3n contra eventuales ca\u00eddas de altura. Est\u00e1n compuestos [&hellip;]<\/p>\n","protected":false},"featured_media":1007,"template":"","meta":[],"product_brand":[148],"product_cat":[79,74,76,77],"product_tag":[],"class_list":{"0":"post-1004","1":"product","2":"type-product","3":"status-publish","4":"has-post-thumbnail","6":"product_brand-climax","7":"product_cat-accesorios-proteccion-contra-caidas","8":"product_cat-arneses","9":"product_cat-cabo-de-vida","10":"product_cat-conectores-y-anclajes","12":"first","13":"instock","14":"shipping-taxable","15":"product-type-simple"},"aioseo_notices":[],"jetpack_sharing_enabled":true,"_links":{"self":[{"href":"https:\/\/vitria.com.uy\/web\/wp-json\/wp\/v2\/product\/1004","targetHints":{"allow":["GET"]}}],"collection":[{"href":"https:\/\/vitria.com.uy\/web\/wp-json\/wp\/v2\/product"}],"about":[{"href":"https:\/\/vitria.com.uy\/web\/wp-json\/wp\/v2\/types\/product"}],"version-history":[{"count":1,"href":"https:\/\/vitria.com.uy\/web\/wp-json\/wp\/v2\/product\/1004\/revisions"}],"predecessor-version":[{"id":1011,"href":"https:\/\/vitria.com.uy\/web\/wp-json\/wp\/v2\/product\/1004\/revisions\/1011"}],"wp:featuredmedia":[{"embeddable":true,"href":"https:\/\/vitria.com.uy\/web\/wp-json\/wp\/v2\/media\/1007"}],"wp:attachment":[{"href":"https:\/\/vitria.com.uy\/web\/wp-json\/wp\/v2\/media?parent=1004"}],"wp:term":[{"taxonomy":"product_brand","embeddable":true,"href":"https:\/\/vitria.com.uy\/web\/wp-json\/wp\/v2\/product_brand?post=1004"},{"taxonomy":"product_cat","embeddable":true,"href":"https:\/\/vitria.com.uy\/web\/wp-json\/wp\/v2\/product_cat?post=1004"},{"taxonomy":"product_tag","embeddable":true,"href":"https:\/\/vitria.com.uy\/web\/wp-json\/wp\/v2\/product_tag?post=1004"}],"curies":[{"name":"wp","href":"https:\/\/api.w.org\/{rel}","templated":true}]}}