{"id":1012,"date":"2026-02-08T22:21:26","date_gmt":"2026-02-08T21:21:26","guid":{"rendered":"https:\/\/vitria.com.uy\/web\/?post_type=product&#038;p=1012"},"modified":"2026-02-08T22:47:19","modified_gmt":"2026-02-08T21:47:19","slug":"drifire-cat1-camiseta-base-manga-larga-ultraligera-resistente-al-fuego-y-control-de-olor","status":"publish","type":"product","link":"https:\/\/vitria.com.uy\/web\/producto\/drifire-cat1-camiseta-base-manga-larga-ultraligera-resistente-al-fuego-y-control-de-olor\/","title":{"rendered":"DRIFIRE CAT1 Camiseta Base Manga Larga | Ultraligera, Resistente al Fuego y Control de Olor"},"content":{"rendered":"<p>Tejido inherentemente FR con elasticidad en cuatro direcciones para mayor comodidad y absorci\u00f3n de humedad avanzada. Secado r\u00e1pido y tecnolog\u00eda de control de olores. Las costuras planas desplazadas previenen rozaduras, mientras que el corte deportivo y la protecci\u00f3n UPF 50+ te ayudan a mantenerte concentrado en el trabajo.<\/p>\n<p>La camiseta de manga larga Prime de DriFire ofrece la m\u00e1xima comodidad y ajuste como capa base definitiva. Perfecta para usar todo el d\u00eda, es ligera, transpirable y controla el olor. Entre el 80-90% de las prendas DRIFIRE se fabrican en EE. UU. El 10-20% se producen en la Rep\u00fablica Dominicana utilizando tela elaborada en EE. UU.<\/p>\n<p>Caracter\u00edsticas<\/p>\n<p>Este art\u00edculo tiene clasificaci\u00f3n CAT 1<\/p>\n<p>Clasificaci\u00f3n de arco: 4.9 cal\/cm\u00b2<\/p>\n<p>Tejido\/Material: 6.5 oz. DRIFIRE\u00ae PRIME<\/p>\n<p>Tejido ligero y transpirable para m\u00e1xima comodidad<\/p>\n<p>Tecnolog\u00eda de gesti\u00f3n de humedad para mantenerte m\u00e1s seco<\/p>\n<p>Resistencia inherente a las llamas, la protecci\u00f3n FR no se lava ni se desgasta<\/p>\n<p>Costuras planas desplazadas para evitar roces<\/p>\n<p>Costuras planas en los hombros ca\u00eddos<\/p>\n<p>Tecnolog\u00eda de control de olores<\/p>\n<p>Cuello sin etiqueta<\/p>\n<p>UPF 50+, el tejido bloquea hasta el 99.5% de la radiaci\u00f3n UV<\/p>\n","protected":false},"excerpt":{"rendered":"<p>Tejido inherentemente FR con elasticidad en cuatro direcciones para mayor comodidad y absorci\u00f3n de humedad avanzada. Secado r\u00e1pido y tecnolog\u00eda de control de olores. Las costuras planas desplazadas previenen rozaduras, mientras que el corte deportivo y la protecci\u00f3n UPF 50+ te ayudan a mantenerte concentrado en el trabajo. La camiseta de manga larga Prime de [&hellip;]<\/p>\n","protected":false},"featured_media":1017,"template":"","meta":[],"product_brand":[165],"product_cat":[96,99],"product_tag":[],"class_list":{"0":"post-1012","1":"product","2":"type-product","3":"status-publish","4":"has-post-thumbnail","6":"product_brand-drifire","7":"product_cat-ropa-tecnica","8":"product_cat-soldador","10":"first","11":"instock","12":"shipping-taxable","13":"product-type-simple"},"aioseo_notices":[],"jetpack_sharing_enabled":true,"_links":{"self":[{"href":"https:\/\/vitria.com.uy\/web\/wp-json\/wp\/v2\/product\/1012","targetHints":{"allow":["GET"]}}],"collection":[{"href":"https:\/\/vitria.com.uy\/web\/wp-json\/wp\/v2\/product"}],"about":[{"href":"https:\/\/vitria.com.uy\/web\/wp-json\/wp\/v2\/types\/product"}],"version-history":[{"count":1,"href":"https:\/\/vitria.com.uy\/web\/wp-json\/wp\/v2\/product\/1012\/revisions"}],"predecessor-version":[{"id":1018,"href":"https:\/\/vitria.com.uy\/web\/wp-json\/wp\/v2\/product\/1012\/revisions\/1018"}],"wp:featuredmedia":[{"embeddable":true,"href":"https:\/\/vitria.com.uy\/web\/wp-json\/wp\/v2\/media\/1017"}],"wp:attachment":[{"href":"https:\/\/vitria.com.uy\/web\/wp-json\/wp\/v2\/media?parent=1012"}],"wp:term":[{"taxonomy":"product_brand","embeddable":true,"href":"https:\/\/vitria.com.uy\/web\/wp-json\/wp\/v2\/product_brand?post=1012"},{"taxonomy":"product_cat","embeddable":true,"href":"https:\/\/vitria.com.uy\/web\/wp-json\/wp\/v2\/product_cat?post=1012"},{"taxonomy":"product_tag","embeddable":true,"href":"https:\/\/vitria.com.uy\/web\/wp-json\/wp\/v2\/product_tag?post=1012"}],"curies":[{"name":"wp","href":"https:\/\/api.w.org\/{rel}","templated":true}]}}