{"id":1019,"date":"2026-02-08T22:24:43","date_gmt":"2026-02-08T21:24:43","guid":{"rendered":"https:\/\/vitria.com.uy\/web\/?post_type=product&#038;p=1019"},"modified":"2026-02-08T22:47:45","modified_gmt":"2026-02-08T21:47:45","slug":"calzoncillo-largo-1era-piel-proteccion-arco-electrico","status":"publish","type":"product","link":"https:\/\/vitria.com.uy\/web\/producto\/calzoncillo-largo-1era-piel-proteccion-arco-electrico\/","title":{"rendered":"Calzoncillo largo 1era piel. Protecci\u00f3n Arco Electrico"},"content":{"rendered":"<p>Calzoncillo largo 1era piel. Protecci\u00f3n Arco Electrico. ARC RATING: 4.9 cal\/cm\u00b2 | CAT LEVEL: CAT 1<br \/>\nMATERIALS: 6.5 oz. DRIFIRE\u00ae PRIME\u2122<\/p>\n<p>Tejido inherentemente FR con elasticidad en cuatro direcciones para mayor comodidad y absorci\u00f3n de humedad avanzada. Secado r\u00e1pido y tecnolog\u00eda de control de olores. Las costuras planas desplazadas previenen rozaduras, mientras que el corte deportivo y la protecci\u00f3n UPF 50+ te ayudan a mantenerte concentrado en el trabajo.<\/p>\n","protected":false},"excerpt":{"rendered":"<p>Calzoncillo largo 1era piel. Protecci\u00f3n Arco Electrico. ARC RATING: 4.9 cal\/cm\u00b2 | CAT LEVEL: CAT 1 MATERIALS: 6.5 oz. DRIFIRE\u00ae PRIME\u2122 Tejido inherentemente FR con elasticidad en cuatro direcciones para mayor comodidad y absorci\u00f3n de humedad avanzada. Secado r\u00e1pido y tecnolog\u00eda de control de olores. Las costuras planas desplazadas previenen rozaduras, mientras que el corte [&hellip;]<\/p>\n","protected":false},"featured_media":1020,"template":"","meta":[],"product_brand":[165],"product_cat":[96,99],"product_tag":[],"class_list":{"0":"post-1019","1":"product","2":"type-product","3":"status-publish","4":"has-post-thumbnail","6":"product_brand-drifire","7":"product_cat-ropa-tecnica","8":"product_cat-soldador","10":"first","11":"instock","12":"shipping-taxable","13":"product-type-simple"},"aioseo_notices":[],"jetpack_sharing_enabled":true,"_links":{"self":[{"href":"https:\/\/vitria.com.uy\/web\/wp-json\/wp\/v2\/product\/1019","targetHints":{"allow":["GET"]}}],"collection":[{"href":"https:\/\/vitria.com.uy\/web\/wp-json\/wp\/v2\/product"}],"about":[{"href":"https:\/\/vitria.com.uy\/web\/wp-json\/wp\/v2\/types\/product"}],"version-history":[{"count":1,"href":"https:\/\/vitria.com.uy\/web\/wp-json\/wp\/v2\/product\/1019\/revisions"}],"predecessor-version":[{"id":1021,"href":"https:\/\/vitria.com.uy\/web\/wp-json\/wp\/v2\/product\/1019\/revisions\/1021"}],"wp:featuredmedia":[{"embeddable":true,"href":"https:\/\/vitria.com.uy\/web\/wp-json\/wp\/v2\/media\/1020"}],"wp:attachment":[{"href":"https:\/\/vitria.com.uy\/web\/wp-json\/wp\/v2\/media?parent=1019"}],"wp:term":[{"taxonomy":"product_brand","embeddable":true,"href":"https:\/\/vitria.com.uy\/web\/wp-json\/wp\/v2\/product_brand?post=1019"},{"taxonomy":"product_cat","embeddable":true,"href":"https:\/\/vitria.com.uy\/web\/wp-json\/wp\/v2\/product_cat?post=1019"},{"taxonomy":"product_tag","embeddable":true,"href":"https:\/\/vitria.com.uy\/web\/wp-json\/wp\/v2\/product_tag?post=1019"}],"curies":[{"name":"wp","href":"https:\/\/api.w.org\/{rel}","templated":true}]}}