{"id":1022,"date":"2026-02-08T22:33:41","date_gmt":"2026-02-08T21:33:41","guid":{"rendered":"https:\/\/vitria.com.uy\/web\/?post_type=product&#038;p=1022"},"modified":"2026-02-08T22:47:55","modified_gmt":"2026-02-08T21:47:55","slug":"camiseta-de-manga-larga-power-dry","status":"publish","type":"product","link":"https:\/\/vitria.com.uy\/web\/producto\/camiseta-de-manga-larga-power-dry\/","title":{"rendered":"CAMISETA DE MANGA LARGA POWER DRY"},"content":{"rendered":"<p>CAMISETA DE MANGA LARGA POWER DRY\u2122 FR ARC RATING: 8.6 cal\/cm\u00b2 y 12 cal\/cm\u00b2 CAT LEVEL: CAT 2<br \/>\nMATERIALS: 6.5 OZ. POLARTEC\u00ae POWER DRY\u00ae<br \/>\nProtecci\u00f3n ign\u00edfuga ligera y transpirable en una c\u00f3moda camiseta de manga larga. El tejido de secado r\u00e1pido te mantiene fresco, mientras que el cuello sin etiqueta y el bolsillo izquierdo del pecho ofrecen una funcionalidad sencilla. El etiquetado exterior permite realizar comprobaciones r\u00e1pidas de cumplimiento<\/p>\n","protected":false},"excerpt":{"rendered":"<p>CAMISETA DE MANGA LARGA POWER DRY\u2122 FR ARC RATING: 8.6 cal\/cm\u00b2 y 12 cal\/cm\u00b2 CAT LEVEL: CAT 2 MATERIALS: 6.5 OZ. POLARTEC\u00ae POWER DRY\u00ae Protecci\u00f3n ign\u00edfuga ligera y transpirable en una c\u00f3moda camiseta de manga larga. El tejido de secado r\u00e1pido te mantiene fresco, mientras que el cuello sin etiqueta y el bolsillo izquierdo del [&hellip;]<\/p>\n","protected":false},"featured_media":1028,"template":"","meta":[],"product_brand":[165],"product_cat":[96,99],"product_tag":[],"class_list":{"0":"post-1022","1":"product","2":"type-product","3":"status-publish","4":"has-post-thumbnail","6":"product_brand-drifire","7":"product_cat-ropa-tecnica","8":"product_cat-soldador","10":"first","11":"instock","12":"shipping-taxable","13":"product-type-simple"},"aioseo_notices":[],"jetpack_sharing_enabled":true,"_links":{"self":[{"href":"https:\/\/vitria.com.uy\/web\/wp-json\/wp\/v2\/product\/1022","targetHints":{"allow":["GET"]}}],"collection":[{"href":"https:\/\/vitria.com.uy\/web\/wp-json\/wp\/v2\/product"}],"about":[{"href":"https:\/\/vitria.com.uy\/web\/wp-json\/wp\/v2\/types\/product"}],"version-history":[{"count":1,"href":"https:\/\/vitria.com.uy\/web\/wp-json\/wp\/v2\/product\/1022\/revisions"}],"predecessor-version":[{"id":1029,"href":"https:\/\/vitria.com.uy\/web\/wp-json\/wp\/v2\/product\/1022\/revisions\/1029"}],"wp:featuredmedia":[{"embeddable":true,"href":"https:\/\/vitria.com.uy\/web\/wp-json\/wp\/v2\/media\/1028"}],"wp:attachment":[{"href":"https:\/\/vitria.com.uy\/web\/wp-json\/wp\/v2\/media?parent=1022"}],"wp:term":[{"taxonomy":"product_brand","embeddable":true,"href":"https:\/\/vitria.com.uy\/web\/wp-json\/wp\/v2\/product_brand?post=1022"},{"taxonomy":"product_cat","embeddable":true,"href":"https:\/\/vitria.com.uy\/web\/wp-json\/wp\/v2\/product_cat?post=1022"},{"taxonomy":"product_tag","embeddable":true,"href":"https:\/\/vitria.com.uy\/web\/wp-json\/wp\/v2\/product_tag?post=1022"}],"curies":[{"name":"wp","href":"https:\/\/api.w.org\/{rel}","templated":true}]}}