{"id":1030,"date":"2026-02-08T22:36:42","date_gmt":"2026-02-08T21:36:42","guid":{"rendered":"https:\/\/vitria.com.uy\/web\/?post_type=product&#038;p=1030"},"modified":"2026-02-08T22:48:07","modified_gmt":"2026-02-08T21:48:07","slug":"camisa-de-trabajo-drifire","status":"publish","type":"product","link":"https:\/\/vitria.com.uy\/web\/producto\/camisa-de-trabajo-drifire\/","title":{"rendered":"Camisa de Trabajo Drifire"},"content":{"rendered":"<p>Camisa de trabajo DRIFIRE\u00ae 4.4\u2122 FR ARC RATING: 8 cal\/cm\u00b2 CAT LEVEL: CAT 2<br \/>\nMATERIALS: 4.4 OZ. DRIFIRE\u00ae BLEND<\/p>\n<p>La camisa de trabajo CAT 2 m\u00e1s ligera del mercado ofrece control de olores y absorbe la humedad de 2 a 3 veces m\u00e1s r\u00e1pido para mantenerte seco y fresco. Su protecci\u00f3n contra doble riesgo y su durabilidad superior te garantizan estar siempre listo para cualquier misi\u00f3n. Dos bolsillos en el pecho a\u00f1aden utilidad a esta camisa inherentemente ign\u00edfuga.<\/p>\n","protected":false},"excerpt":{"rendered":"<p>Camisa de trabajo DRIFIRE\u00ae 4.4\u2122 FR ARC RATING: 8 cal\/cm\u00b2 CAT LEVEL: CAT 2 MATERIALS: 4.4 OZ. DRIFIRE\u00ae BLEND La camisa de trabajo CAT 2 m\u00e1s ligera del mercado ofrece control de olores y absorbe la humedad de 2 a 3 veces m\u00e1s r\u00e1pido para mantenerte seco y fresco. Su protecci\u00f3n contra doble riesgo y [&hellip;]<\/p>\n","protected":false},"featured_media":1032,"template":"","meta":[],"product_brand":[165],"product_cat":[97,84,83,96],"product_tag":[],"class_list":{"0":"post-1030","1":"product","2":"type-product","3":"status-publish","4":"has-post-thumbnail","6":"product_brand-drifire","7":"product_cat-arco-electrico","8":"product_cat-camisas","9":"product_cat-ropa-de-trabajo","10":"product_cat-ropa-tecnica","12":"first","13":"instock","14":"shipping-taxable","15":"product-type-simple"},"aioseo_notices":[],"jetpack_sharing_enabled":true,"_links":{"self":[{"href":"https:\/\/vitria.com.uy\/web\/wp-json\/wp\/v2\/product\/1030","targetHints":{"allow":["GET"]}}],"collection":[{"href":"https:\/\/vitria.com.uy\/web\/wp-json\/wp\/v2\/product"}],"about":[{"href":"https:\/\/vitria.com.uy\/web\/wp-json\/wp\/v2\/types\/product"}],"version-history":[{"count":1,"href":"https:\/\/vitria.com.uy\/web\/wp-json\/wp\/v2\/product\/1030\/revisions"}],"predecessor-version":[{"id":1033,"href":"https:\/\/vitria.com.uy\/web\/wp-json\/wp\/v2\/product\/1030\/revisions\/1033"}],"wp:featuredmedia":[{"embeddable":true,"href":"https:\/\/vitria.com.uy\/web\/wp-json\/wp\/v2\/media\/1032"}],"wp:attachment":[{"href":"https:\/\/vitria.com.uy\/web\/wp-json\/wp\/v2\/media?parent=1030"}],"wp:term":[{"taxonomy":"product_brand","embeddable":true,"href":"https:\/\/vitria.com.uy\/web\/wp-json\/wp\/v2\/product_brand?post=1030"},{"taxonomy":"product_cat","embeddable":true,"href":"https:\/\/vitria.com.uy\/web\/wp-json\/wp\/v2\/product_cat?post=1030"},{"taxonomy":"product_tag","embeddable":true,"href":"https:\/\/vitria.com.uy\/web\/wp-json\/wp\/v2\/product_tag?post=1030"}],"curies":[{"name":"wp","href":"https:\/\/api.w.org\/{rel}","templated":true}]}}