{"id":1034,"date":"2026-02-08T22:42:19","date_gmt":"2026-02-08T21:42:19","guid":{"rendered":"https:\/\/vitria.com.uy\/web\/?post_type=product&#038;p=1034"},"modified":"2026-02-08T22:48:21","modified_gmt":"2026-02-08T21:48:21","slug":"camisa-de-trabajo-ventilada-drifire","status":"publish","type":"product","link":"https:\/\/vitria.com.uy\/web\/producto\/camisa-de-trabajo-ventilada-drifire\/","title":{"rendered":"CAMISA DE TRABAJO VENTILADA Drifire"},"content":{"rendered":"<p>CAMISA DE TRABAJO VENTILADA DH AIR FR ARC RATING: 9.1 cal\/cm\u00b2 CAT LEVEL: CAT 2<br \/>\nMATERIALS: 5.5 OZ WESTEX\u00ae DH AIR<br \/>\nEl dise\u00f1o patentado de ventilaci\u00f3n proporciona una comodidad l\u00edder en la industria en un tejido ligero y transpirable. El cuello abotonado y los dos bolsillos delanteros en el pecho con solapa y bot\u00f3n ofrecen un estilo funcional. El etiquetado exterior permite una r\u00e1pida identificaci\u00f3n del cumplimiento normativo. Obtenga doble protecci\u00f3n contra arcos el\u00e9ctricos e incendios repentinos en el trabajo<\/p>\n","protected":false},"excerpt":{"rendered":"<p>CAMISA DE TRABAJO VENTILADA DH AIR FR ARC RATING: 9.1 cal\/cm\u00b2 CAT LEVEL: CAT 2 MATERIALS: 5.5 OZ WESTEX\u00ae DH AIR El dise\u00f1o patentado de ventilaci\u00f3n proporciona una comodidad l\u00edder en la industria en un tejido ligero y transpirable. El cuello abotonado y los dos bolsillos delanteros en el pecho con solapa y bot\u00f3n ofrecen [&hellip;]<\/p>\n","protected":false},"featured_media":1037,"template":"","meta":[],"product_brand":[165],"product_cat":[97,84,83,96],"product_tag":[],"class_list":{"0":"post-1034","1":"product","2":"type-product","3":"status-publish","4":"has-post-thumbnail","6":"product_brand-drifire","7":"product_cat-arco-electrico","8":"product_cat-camisas","9":"product_cat-ropa-de-trabajo","10":"product_cat-ropa-tecnica","12":"first","13":"instock","14":"shipping-taxable","15":"product-type-simple"},"aioseo_notices":[],"jetpack_sharing_enabled":true,"_links":{"self":[{"href":"https:\/\/vitria.com.uy\/web\/wp-json\/wp\/v2\/product\/1034","targetHints":{"allow":["GET"]}}],"collection":[{"href":"https:\/\/vitria.com.uy\/web\/wp-json\/wp\/v2\/product"}],"about":[{"href":"https:\/\/vitria.com.uy\/web\/wp-json\/wp\/v2\/types\/product"}],"version-history":[{"count":1,"href":"https:\/\/vitria.com.uy\/web\/wp-json\/wp\/v2\/product\/1034\/revisions"}],"predecessor-version":[{"id":1038,"href":"https:\/\/vitria.com.uy\/web\/wp-json\/wp\/v2\/product\/1034\/revisions\/1038"}],"wp:featuredmedia":[{"embeddable":true,"href":"https:\/\/vitria.com.uy\/web\/wp-json\/wp\/v2\/media\/1037"}],"wp:attachment":[{"href":"https:\/\/vitria.com.uy\/web\/wp-json\/wp\/v2\/media?parent=1034"}],"wp:term":[{"taxonomy":"product_brand","embeddable":true,"href":"https:\/\/vitria.com.uy\/web\/wp-json\/wp\/v2\/product_brand?post=1034"},{"taxonomy":"product_cat","embeddable":true,"href":"https:\/\/vitria.com.uy\/web\/wp-json\/wp\/v2\/product_cat?post=1034"},{"taxonomy":"product_tag","embeddable":true,"href":"https:\/\/vitria.com.uy\/web\/wp-json\/wp\/v2\/product_tag?post=1034"}],"curies":[{"name":"wp","href":"https:\/\/api.w.org\/{rel}","templated":true}]}}