{"id":1041,"date":"2026-02-08T22:57:16","date_gmt":"2026-02-08T21:57:16","guid":{"rendered":"https:\/\/vitria.com.uy\/web\/?post_type=product&#038;p=1041"},"modified":"2026-02-08T22:57:16","modified_gmt":"2026-02-08T21:57:16","slug":"pantalon-utility","status":"publish","type":"product","link":"https:\/\/vitria.com.uy\/web\/producto\/pantalon-utility\/","title":{"rendered":"PANTAL\u00d3N UTILITY"},"content":{"rendered":"<p>PANTAL\u00d3N UTILITY FR ARC RATING: 14 cal\/cm\u00b2 CAT LEVEL: CAT 2<br \/>\nMATERIALS: 9.5 OZ. HIGH PERFORMANCE DUCK<br \/>\nLos robustos pantalones utilitarios FR ofrecen doble protecci\u00f3n contra arco el\u00e9ctrico e incendio repentino. Su construcci\u00f3n robusta proporciona alta resistencia a la abrasi\u00f3n y durabilidad para entornos de trabajo exigentes. Amplias opciones de almacenamiento incluyen un bolsillo cargo izquierdo con solapa y un bolsillo doble para herramientas en el derecho. Los bolsillos utilitarios cl\u00e1sicos completan estos pantalones para el trabajo.<\/p>\n","protected":false},"excerpt":{"rendered":"<p>PANTAL\u00d3N UTILITY FR ARC RATING: 14 cal\/cm\u00b2 CAT LEVEL: CAT 2 MATERIALS: 9.5 OZ. HIGH PERFORMANCE DUCK Los robustos pantalones utilitarios FR ofrecen doble protecci\u00f3n contra arco el\u00e9ctrico e incendio repentino. Su construcci\u00f3n robusta proporciona alta resistencia a la abrasi\u00f3n y durabilidad para entornos de trabajo exigentes. Amplias opciones de almacenamiento incluyen un bolsillo cargo [&hellip;]<\/p>\n","protected":false},"featured_media":1047,"template":"","meta":[],"product_brand":[165],"product_cat":[97,94,83,96],"product_tag":[],"class_list":{"0":"post-1041","1":"product","2":"type-product","3":"status-publish","4":"has-post-thumbnail","6":"product_brand-drifire","7":"product_cat-arco-electrico","8":"product_cat-pantalones","9":"product_cat-ropa-de-trabajo","10":"product_cat-ropa-tecnica","12":"first","13":"instock","14":"shipping-taxable","15":"product-type-simple"},"aioseo_notices":[],"jetpack_sharing_enabled":true,"_links":{"self":[{"href":"https:\/\/vitria.com.uy\/web\/wp-json\/wp\/v2\/product\/1041","targetHints":{"allow":["GET"]}}],"collection":[{"href":"https:\/\/vitria.com.uy\/web\/wp-json\/wp\/v2\/product"}],"about":[{"href":"https:\/\/vitria.com.uy\/web\/wp-json\/wp\/v2\/types\/product"}],"version-history":[{"count":1,"href":"https:\/\/vitria.com.uy\/web\/wp-json\/wp\/v2\/product\/1041\/revisions"}],"predecessor-version":[{"id":1048,"href":"https:\/\/vitria.com.uy\/web\/wp-json\/wp\/v2\/product\/1041\/revisions\/1048"}],"wp:featuredmedia":[{"embeddable":true,"href":"https:\/\/vitria.com.uy\/web\/wp-json\/wp\/v2\/media\/1047"}],"wp:attachment":[{"href":"https:\/\/vitria.com.uy\/web\/wp-json\/wp\/v2\/media?parent=1041"}],"wp:term":[{"taxonomy":"product_brand","embeddable":true,"href":"https:\/\/vitria.com.uy\/web\/wp-json\/wp\/v2\/product_brand?post=1041"},{"taxonomy":"product_cat","embeddable":true,"href":"https:\/\/vitria.com.uy\/web\/wp-json\/wp\/v2\/product_cat?post=1041"},{"taxonomy":"product_tag","embeddable":true,"href":"https:\/\/vitria.com.uy\/web\/wp-json\/wp\/v2\/product_tag?post=1041"}],"curies":[{"name":"wp","href":"https:\/\/api.w.org\/{rel}","templated":true}]}}