{"id":1056,"date":"2026-02-08T23:15:36","date_gmt":"2026-02-08T22:15:36","guid":{"rendered":"https:\/\/vitria.com.uy\/web\/?post_type=product&#038;p=1056"},"modified":"2026-02-08T23:15:36","modified_gmt":"2026-02-08T22:15:36","slug":"polar-con-cremallera-1-4","status":"publish","type":"product","link":"https:\/\/vitria.com.uy\/web\/producto\/polar-con-cremallera-1-4\/","title":{"rendered":"POLAR CON CREMALLERA 1\/4"},"content":{"rendered":"<p>POLAR CON CREMALLERA 1\/4 ARC RATING: 9.4 cal\/cm\u00b2 CAT LEVEL: CAT 2<br \/>\nMATERIALS: 9.6 OZ. FR POLARTEC\u00ae POWER GRID\u2122 FLEECE<\/p>\n<p>Polar suave, de peso medio, resistente a las llamas y resistente a los rayos UV, con elasticidad en cuatro direcciones que ofrece calidez y protecci\u00f3n. Cremallera de 1\/4 y cuello sin etiqueta para mayor comodidad durante todo el d\u00eda. Protecci\u00f3n dual contra arco el\u00e9ctrico e incendio repentino, con etiquetado exterior para una r\u00e1pida comprobaci\u00f3n del cumplimiento normativo<\/p>\n","protected":false},"excerpt":{"rendered":"<p>POLAR CON CREMALLERA 1\/4 ARC RATING: 9.4 cal\/cm\u00b2 CAT LEVEL: CAT 2 MATERIALS: 9.6 OZ. FR POLARTEC\u00ae POWER GRID\u2122 FLEECE Polar suave, de peso medio, resistente a las llamas y resistente a los rayos UV, con elasticidad en cuatro direcciones que ofrece calidez y protecci\u00f3n. Cremallera de 1\/4 y cuello sin etiqueta para mayor comodidad [&hellip;]<\/p>\n","protected":false},"featured_media":1067,"template":"","meta":[],"product_brand":[165],"product_cat":[97,91,83,96],"product_tag":[],"class_list":{"0":"post-1056","1":"product","2":"type-product","3":"status-publish","4":"has-post-thumbnail","6":"product_brand-drifire","7":"product_cat-arco-electrico","8":"product_cat-buzo-polar","9":"product_cat-ropa-de-trabajo","10":"product_cat-ropa-tecnica","12":"first","13":"instock","14":"shipping-taxable","15":"product-type-simple"},"aioseo_notices":[],"jetpack_sharing_enabled":true,"_links":{"self":[{"href":"https:\/\/vitria.com.uy\/web\/wp-json\/wp\/v2\/product\/1056","targetHints":{"allow":["GET"]}}],"collection":[{"href":"https:\/\/vitria.com.uy\/web\/wp-json\/wp\/v2\/product"}],"about":[{"href":"https:\/\/vitria.com.uy\/web\/wp-json\/wp\/v2\/types\/product"}],"version-history":[{"count":1,"href":"https:\/\/vitria.com.uy\/web\/wp-json\/wp\/v2\/product\/1056\/revisions"}],"predecessor-version":[{"id":1068,"href":"https:\/\/vitria.com.uy\/web\/wp-json\/wp\/v2\/product\/1056\/revisions\/1068"}],"wp:featuredmedia":[{"embeddable":true,"href":"https:\/\/vitria.com.uy\/web\/wp-json\/wp\/v2\/media\/1067"}],"wp:attachment":[{"href":"https:\/\/vitria.com.uy\/web\/wp-json\/wp\/v2\/media?parent=1056"}],"wp:term":[{"taxonomy":"product_brand","embeddable":true,"href":"https:\/\/vitria.com.uy\/web\/wp-json\/wp\/v2\/product_brand?post=1056"},{"taxonomy":"product_cat","embeddable":true,"href":"https:\/\/vitria.com.uy\/web\/wp-json\/wp\/v2\/product_cat?post=1056"},{"taxonomy":"product_tag","embeddable":true,"href":"https:\/\/vitria.com.uy\/web\/wp-json\/wp\/v2\/product_tag?post=1056"}],"curies":[{"name":"wp","href":"https:\/\/api.w.org\/{rel}","templated":true}]}}