{"id":1071,"date":"2026-02-08T23:29:09","date_gmt":"2026-02-08T22:29:09","guid":{"rendered":"https:\/\/vitria.com.uy\/web\/?post_type=product&#038;p=1071"},"modified":"2026-02-08T23:29:09","modified_gmt":"2026-02-08T22:29:09","slug":"chaqueta-camisa-fr-range-flex","status":"publish","type":"product","link":"https:\/\/vitria.com.uy\/web\/producto\/chaqueta-camisa-fr-range-flex\/","title":{"rendered":"CHAQUETA CAMISA FR RANGE FLEX"},"content":{"rendered":"<p>CHAQUETA CAMISA FR RANGE FLEX\u2122 ARC RATING: 14 cal\/cm\u00b2 CAT LEVEL: CAT 2<br \/>\nEXTERIOR: LONA FLEXIBLE DE 250 G, FORRO: MEZCLA DE ALGOD\u00d3N Y NYLON A CUADROS DE 170 G<br \/>\nOfrece abrigo ligero cuando una camisa no es suficiente, pero una chaqueta aislante es demasiado. Esta resistente chaqueta de lona tiene un corte holgado, ideal para usar en capas. Sus bolsillos delanteros en \u00e1ngulo y los bolsillos del pecho con cierre a presi\u00f3n ofrecen m\u00faltiples opciones de almacenamiento vers\u00e1tiles.<\/p>\n","protected":false},"excerpt":{"rendered":"<p>CHAQUETA CAMISA FR RANGE FLEX\u2122 ARC RATING: 14 cal\/cm\u00b2 CAT LEVEL: CAT 2 EXTERIOR: LONA FLEXIBLE DE 250 G, FORRO: MEZCLA DE ALGOD\u00d3N Y NYLON A CUADROS DE 170 G Ofrece abrigo ligero cuando una camisa no es suficiente, pero una chaqueta aislante es demasiado. Esta resistente chaqueta de lona tiene un corte holgado, ideal [&hellip;]<\/p>\n","protected":false},"featured_media":1072,"template":"","meta":[],"product_brand":[165],"product_cat":[97,92,87,83,96],"product_tag":[],"class_list":{"0":"post-1071","1":"product","2":"type-product","3":"status-publish","4":"has-post-thumbnail","6":"product_brand-drifire","7":"product_cat-arco-electrico","8":"product_cat-campera-polar","9":"product_cat-camperas","10":"product_cat-ropa-de-trabajo","11":"product_cat-ropa-tecnica","13":"first","14":"instock","15":"shipping-taxable","16":"product-type-simple"},"aioseo_notices":[],"jetpack_sharing_enabled":true,"_links":{"self":[{"href":"https:\/\/vitria.com.uy\/web\/wp-json\/wp\/v2\/product\/1071","targetHints":{"allow":["GET"]}}],"collection":[{"href":"https:\/\/vitria.com.uy\/web\/wp-json\/wp\/v2\/product"}],"about":[{"href":"https:\/\/vitria.com.uy\/web\/wp-json\/wp\/v2\/types\/product"}],"version-history":[{"count":1,"href":"https:\/\/vitria.com.uy\/web\/wp-json\/wp\/v2\/product\/1071\/revisions"}],"predecessor-version":[{"id":1073,"href":"https:\/\/vitria.com.uy\/web\/wp-json\/wp\/v2\/product\/1071\/revisions\/1073"}],"wp:featuredmedia":[{"embeddable":true,"href":"https:\/\/vitria.com.uy\/web\/wp-json\/wp\/v2\/media\/1072"}],"wp:attachment":[{"href":"https:\/\/vitria.com.uy\/web\/wp-json\/wp\/v2\/media?parent=1071"}],"wp:term":[{"taxonomy":"product_brand","embeddable":true,"href":"https:\/\/vitria.com.uy\/web\/wp-json\/wp\/v2\/product_brand?post=1071"},{"taxonomy":"product_cat","embeddable":true,"href":"https:\/\/vitria.com.uy\/web\/wp-json\/wp\/v2\/product_cat?post=1071"},{"taxonomy":"product_tag","embeddable":true,"href":"https:\/\/vitria.com.uy\/web\/wp-json\/wp\/v2\/product_tag?post=1071"}],"curies":[{"name":"wp","href":"https:\/\/api.w.org\/{rel}","templated":true}]}}