{"id":1080,"date":"2026-02-08T23:35:37","date_gmt":"2026-02-08T22:35:37","guid":{"rendered":"https:\/\/vitria.com.uy\/web\/?post_type=product&#038;p=1080"},"modified":"2026-02-08T23:35:37","modified_gmt":"2026-02-08T22:35:37","slug":"pantalon-con-peto-aislante","status":"publish","type":"product","link":"https:\/\/vitria.com.uy\/web\/producto\/pantalon-con-peto-aislante\/","title":{"rendered":"PANTAL\u00d3N CON PETO AISLANTE"},"content":{"rendered":"<p>PANTAL\u00d3N CON PETO AISLANTE ARC RATING: 16 cal\/cm\u00b2 CAT LEVEL: CAT 2 MATERIALES: 13 oz. 100 % algod\u00f3n resistente al fuego, DWR<br \/>\nCON FORRO ACOLCHADO DE 10.5 oz<\/p>\n<p>Los bolsillos dobles en el peto, los bolsillos traseros de parche y los bolsillos para herramientas ofrecen amplio espacio para guardar equipo. Las hebillas de desconexi\u00f3n r\u00e1pida en las correas de los hombros permiten un ajuste personalizado, mientras que la doble solapa frontal permite colocar rodilleras. La bragueta resistente con broches a presi\u00f3n y las cremalleras de 66 cm en las piernas permiten pon\u00e9rselas y quit\u00e1rselas f\u00e1cilmente sobre las botas. Protecci\u00f3n ign\u00edfuga contra doble riesgo.<\/p>\n","protected":false},"excerpt":{"rendered":"<p>PANTAL\u00d3N CON PETO AISLANTE ARC RATING: 16 cal\/cm\u00b2 CAT LEVEL: CAT 2 MATERIALES: 13 oz. 100 % algod\u00f3n resistente al fuego, DWR CON FORRO ACOLCHADO DE 10.5 oz Los bolsillos dobles en el peto, los bolsillos traseros de parche y los bolsillos para herramientas ofrecen amplio espacio para guardar equipo. Las hebillas de desconexi\u00f3n r\u00e1pida [&hellip;]<\/p>\n","protected":false},"featured_media":1087,"template":"","meta":[],"product_brand":[165],"product_cat":[97,94,83,96],"product_tag":[],"class_list":{"0":"post-1080","1":"product","2":"type-product","3":"status-publish","4":"has-post-thumbnail","6":"product_brand-drifire","7":"product_cat-arco-electrico","8":"product_cat-pantalones","9":"product_cat-ropa-de-trabajo","10":"product_cat-ropa-tecnica","12":"first","13":"instock","14":"shipping-taxable","15":"product-type-simple"},"aioseo_notices":[],"jetpack_sharing_enabled":true,"_links":{"self":[{"href":"https:\/\/vitria.com.uy\/web\/wp-json\/wp\/v2\/product\/1080","targetHints":{"allow":["GET"]}}],"collection":[{"href":"https:\/\/vitria.com.uy\/web\/wp-json\/wp\/v2\/product"}],"about":[{"href":"https:\/\/vitria.com.uy\/web\/wp-json\/wp\/v2\/types\/product"}],"version-history":[{"count":1,"href":"https:\/\/vitria.com.uy\/web\/wp-json\/wp\/v2\/product\/1080\/revisions"}],"predecessor-version":[{"id":1088,"href":"https:\/\/vitria.com.uy\/web\/wp-json\/wp\/v2\/product\/1080\/revisions\/1088"}],"wp:featuredmedia":[{"embeddable":true,"href":"https:\/\/vitria.com.uy\/web\/wp-json\/wp\/v2\/media\/1087"}],"wp:attachment":[{"href":"https:\/\/vitria.com.uy\/web\/wp-json\/wp\/v2\/media?parent=1080"}],"wp:term":[{"taxonomy":"product_brand","embeddable":true,"href":"https:\/\/vitria.com.uy\/web\/wp-json\/wp\/v2\/product_brand?post=1080"},{"taxonomy":"product_cat","embeddable":true,"href":"https:\/\/vitria.com.uy\/web\/wp-json\/wp\/v2\/product_cat?post=1080"},{"taxonomy":"product_tag","embeddable":true,"href":"https:\/\/vitria.com.uy\/web\/wp-json\/wp\/v2\/product_tag?post=1080"}],"curies":[{"name":"wp","href":"https:\/\/api.w.org\/{rel}","templated":true}]}}