{"id":1089,"date":"2026-02-08T23:38:52","date_gmt":"2026-02-08T22:38:52","guid":{"rendered":"https:\/\/vitria.com.uy\/web\/?post_type=product&#038;p=1089"},"modified":"2026-02-08T23:38:52","modified_gmt":"2026-02-08T22:38:52","slug":"overol-tecgen-fr","status":"publish","type":"product","link":"https:\/\/vitria.com.uy\/web\/producto\/overol-tecgen-fr\/","title":{"rendered":"OVEROL TECGEN\u00ae FR"},"content":{"rendered":"<p>OVEROL TECGEN\u00ae FR ARC RATING: 8 cal\/cm\u00b2 9.5 cal\/cm\u00b2 CAT LEVEL: CAT 2<br \/>\nMATERIALS: 5.5 OZ. TECGEN SELECT\u00ae OPF BLEND TWILL<br \/>\nTejido ligero, transpirable y con una inigualable capacidad de absorci\u00f3n de la humedad. Protecci\u00f3n dual contra arcos el\u00e9ctricos e incendios repentinos, con propiedades inherentemente ign\u00edfugas que no se desgastan con el lavado. Su tejido resistente al olor y a la decoloraci\u00f3n absorbe el sudor de 2 a 3 veces m\u00e1s r\u00e1pido para m\u00e1xima comodidad y durabilidad en las condiciones m\u00e1s dif\u00edciles. Caracter\u00edsticas funcionales como bolsillos de paso, cremallera cubierta y bolsillos en el pecho mejoran el rendimiento en cualquier turno.<\/p>\n","protected":false},"excerpt":{"rendered":"<p>OVEROL TECGEN\u00ae FR ARC RATING: 8 cal\/cm\u00b2 9.5 cal\/cm\u00b2 CAT LEVEL: CAT 2 MATERIALS: 5.5 OZ. TECGEN SELECT\u00ae OPF BLEND TWILL Tejido ligero, transpirable y con una inigualable capacidad de absorci\u00f3n de la humedad. Protecci\u00f3n dual contra arcos el\u00e9ctricos e incendios repentinos, con propiedades inherentemente ign\u00edfugas que no se desgastan con el lavado. Su tejido [&hellip;]<\/p>\n","protected":false},"featured_media":1090,"template":"","meta":[],"product_brand":[165],"product_cat":[97,94,83,96],"product_tag":[],"class_list":{"0":"post-1089","1":"product","2":"type-product","3":"status-publish","4":"has-post-thumbnail","6":"product_brand-drifire","7":"product_cat-arco-electrico","8":"product_cat-pantalones","9":"product_cat-ropa-de-trabajo","10":"product_cat-ropa-tecnica","12":"first","13":"instock","14":"shipping-taxable","15":"product-type-simple"},"aioseo_notices":[],"jetpack_sharing_enabled":true,"_links":{"self":[{"href":"https:\/\/vitria.com.uy\/web\/wp-json\/wp\/v2\/product\/1089","targetHints":{"allow":["GET"]}}],"collection":[{"href":"https:\/\/vitria.com.uy\/web\/wp-json\/wp\/v2\/product"}],"about":[{"href":"https:\/\/vitria.com.uy\/web\/wp-json\/wp\/v2\/types\/product"}],"version-history":[{"count":1,"href":"https:\/\/vitria.com.uy\/web\/wp-json\/wp\/v2\/product\/1089\/revisions"}],"predecessor-version":[{"id":1093,"href":"https:\/\/vitria.com.uy\/web\/wp-json\/wp\/v2\/product\/1089\/revisions\/1093"}],"wp:featuredmedia":[{"embeddable":true,"href":"https:\/\/vitria.com.uy\/web\/wp-json\/wp\/v2\/media\/1090"}],"wp:attachment":[{"href":"https:\/\/vitria.com.uy\/web\/wp-json\/wp\/v2\/media?parent=1089"}],"wp:term":[{"taxonomy":"product_brand","embeddable":true,"href":"https:\/\/vitria.com.uy\/web\/wp-json\/wp\/v2\/product_brand?post=1089"},{"taxonomy":"product_cat","embeddable":true,"href":"https:\/\/vitria.com.uy\/web\/wp-json\/wp\/v2\/product_cat?post=1089"},{"taxonomy":"product_tag","embeddable":true,"href":"https:\/\/vitria.com.uy\/web\/wp-json\/wp\/v2\/product_tag?post=1089"}],"curies":[{"name":"wp","href":"https:\/\/api.w.org\/{rel}","templated":true}]}}