{"id":1101,"date":"2026-02-08T23:44:08","date_gmt":"2026-02-08T22:44:08","guid":{"rendered":"https:\/\/vitria.com.uy\/web\/?post_type=product&#038;p=1101"},"modified":"2026-02-08T23:46:32","modified_gmt":"2026-02-08T22:46:32","slug":"camiseta-de-manga-corta-fr-control-de-alta-visibilidad-2","status":"publish","type":"product","link":"https:\/\/vitria.com.uy\/web\/producto\/camiseta-de-manga-corta-fr-control-de-alta-visibilidad-2\/","title":{"rendered":"CAMISETA DE MANGA CORTA FR CONTROL\u2122 DE ALTA VISIBILIDAD"},"content":{"rendered":"<p>CAMISETA DE MANGA CORTA FR CONTROL\u2122 DE ALTA VISIBILIDAD CLASE 2 RATING: 4 cal\/cm\u00b2 CAT LEVEL: CAT 1<br \/>\nMATERIALS: 5.5 OZ. FR CONTROL 2.0\u2122<\/p>\n<p>Tejido FR ligero y transpirable con elasticidad en cuatro direcciones para m\u00e1xima movilidad y recuperaci\u00f3n. Regula proactivamente la temperatura corporal con una precisi\u00f3n de 3\u00b0, absorbe la humedad y se seca r\u00e1pidamente para mantenerte listo para la acci\u00f3n en condiciones de calor y fr\u00edo. La cinta reflectante 3M\u2122 Scotchlite\u2122 mejora la visibilidad.<\/p>\n","protected":false},"excerpt":{"rendered":"<p>CAMISETA DE MANGA CORTA FR CONTROL\u2122 DE ALTA VISIBILIDAD CLASE 2 RATING: 4 cal\/cm\u00b2 CAT LEVEL: CAT 1 MATERIALS: 5.5 OZ. FR CONTROL 2.0\u2122 Tejido FR ligero y transpirable con elasticidad en cuatro direcciones para m\u00e1xima movilidad y recuperaci\u00f3n. Regula proactivamente la temperatura corporal con una precisi\u00f3n de 3\u00b0, absorbe la humedad y se seca [&hellip;]<\/p>\n","protected":false},"featured_media":1105,"template":"","meta":[],"product_brand":[165],"product_cat":[97,83,96,85],"product_tag":[],"class_list":{"0":"post-1101","1":"product","2":"type-product","3":"status-publish","4":"has-post-thumbnail","6":"product_brand-drifire","7":"product_cat-arco-electrico","8":"product_cat-ropa-de-trabajo","9":"product_cat-ropa-tecnica","10":"product_cat-t-shirt","12":"first","13":"instock","14":"shipping-taxable","15":"product-type-simple"},"aioseo_notices":[],"jetpack_sharing_enabled":true,"_links":{"self":[{"href":"https:\/\/vitria.com.uy\/web\/wp-json\/wp\/v2\/product\/1101","targetHints":{"allow":["GET"]}}],"collection":[{"href":"https:\/\/vitria.com.uy\/web\/wp-json\/wp\/v2\/product"}],"about":[{"href":"https:\/\/vitria.com.uy\/web\/wp-json\/wp\/v2\/types\/product"}],"version-history":[{"count":1,"href":"https:\/\/vitria.com.uy\/web\/wp-json\/wp\/v2\/product\/1101\/revisions"}],"predecessor-version":[{"id":1106,"href":"https:\/\/vitria.com.uy\/web\/wp-json\/wp\/v2\/product\/1101\/revisions\/1106"}],"wp:featuredmedia":[{"embeddable":true,"href":"https:\/\/vitria.com.uy\/web\/wp-json\/wp\/v2\/media\/1105"}],"wp:attachment":[{"href":"https:\/\/vitria.com.uy\/web\/wp-json\/wp\/v2\/media?parent=1101"}],"wp:term":[{"taxonomy":"product_brand","embeddable":true,"href":"https:\/\/vitria.com.uy\/web\/wp-json\/wp\/v2\/product_brand?post=1101"},{"taxonomy":"product_cat","embeddable":true,"href":"https:\/\/vitria.com.uy\/web\/wp-json\/wp\/v2\/product_cat?post=1101"},{"taxonomy":"product_tag","embeddable":true,"href":"https:\/\/vitria.com.uy\/web\/wp-json\/wp\/v2\/product_tag?post=1101"}],"curies":[{"name":"wp","href":"https:\/\/api.w.org\/{rel}","templated":true}]}}