{"id":1107,"date":"2026-02-08T23:56:48","date_gmt":"2026-02-08T22:56:48","guid":{"rendered":"https:\/\/vitria.com.uy\/web\/?post_type=product&#038;p=1107"},"modified":"2026-02-08T23:56:49","modified_gmt":"2026-02-08T22:56:49","slug":"camiseta-fr-de-manga-corta-de-alta-visibilidad-y-doble-riesgo","status":"publish","type":"product","link":"https:\/\/vitria.com.uy\/web\/producto\/camiseta-fr-de-manga-corta-de-alta-visibilidad-y-doble-riesgo\/","title":{"rendered":"CAMISETA FR DE MANGA CORTA DE ALTA VISIBILIDAD Y DOBLE RIESGO"},"content":{"rendered":"<p>CAMISETA FR DE MANGA CORTA DE ALTA VISIBILIDAD Y DOBLE RIESGO, CLASE 3 ARC RATING: 11 cal\/cm\u00b2 CAT LEVEL: CAT 2<br \/>\nMATERIALS: 6.25 OZ. DUAL HAZARD KNIT<\/p>\n<p>Protecci\u00f3n ign\u00edfuga contra arcos el\u00e9ctricos e incendios repentinos en un tejido ligero y transpirable. El ribete reflectante ign\u00edfugo 3M\u2122 Scotchlite\u2122 mejora la visibilidad. El bolsillo izquierdo del pecho y el cuello de punto acanalado ofrecen comodidad funcional. El etiquetado exterior identifica r\u00e1pidamente la conformidad.<\/p>\n","protected":false},"excerpt":{"rendered":"<p>CAMISETA FR DE MANGA CORTA DE ALTA VISIBILIDAD Y DOBLE RIESGO, CLASE 3 ARC RATING: 11 cal\/cm\u00b2 CAT LEVEL: CAT 2 MATERIALS: 6.25 OZ. DUAL HAZARD KNIT Protecci\u00f3n ign\u00edfuga contra arcos el\u00e9ctricos e incendios repentinos en un tejido ligero y transpirable. El ribete reflectante ign\u00edfugo 3M\u2122 Scotchlite\u2122 mejora la visibilidad. El bolsillo izquierdo del pecho [&hellip;]<\/p>\n","protected":false},"featured_media":1112,"template":"","meta":[],"product_brand":[165],"product_cat":[97,83,96,85],"product_tag":[],"class_list":{"0":"post-1107","1":"product","2":"type-product","3":"status-publish","4":"has-post-thumbnail","6":"product_brand-drifire","7":"product_cat-arco-electrico","8":"product_cat-ropa-de-trabajo","9":"product_cat-ropa-tecnica","10":"product_cat-t-shirt","12":"first","13":"instock","14":"shipping-taxable","15":"product-type-simple"},"aioseo_notices":[],"jetpack_sharing_enabled":true,"_links":{"self":[{"href":"https:\/\/vitria.com.uy\/web\/wp-json\/wp\/v2\/product\/1107","targetHints":{"allow":["GET"]}}],"collection":[{"href":"https:\/\/vitria.com.uy\/web\/wp-json\/wp\/v2\/product"}],"about":[{"href":"https:\/\/vitria.com.uy\/web\/wp-json\/wp\/v2\/types\/product"}],"version-history":[{"count":1,"href":"https:\/\/vitria.com.uy\/web\/wp-json\/wp\/v2\/product\/1107\/revisions"}],"predecessor-version":[{"id":1113,"href":"https:\/\/vitria.com.uy\/web\/wp-json\/wp\/v2\/product\/1107\/revisions\/1113"}],"wp:featuredmedia":[{"embeddable":true,"href":"https:\/\/vitria.com.uy\/web\/wp-json\/wp\/v2\/media\/1112"}],"wp:attachment":[{"href":"https:\/\/vitria.com.uy\/web\/wp-json\/wp\/v2\/media?parent=1107"}],"wp:term":[{"taxonomy":"product_brand","embeddable":true,"href":"https:\/\/vitria.com.uy\/web\/wp-json\/wp\/v2\/product_brand?post=1107"},{"taxonomy":"product_cat","embeddable":true,"href":"https:\/\/vitria.com.uy\/web\/wp-json\/wp\/v2\/product_cat?post=1107"},{"taxonomy":"product_tag","embeddable":true,"href":"https:\/\/vitria.com.uy\/web\/wp-json\/wp\/v2\/product_tag?post=1107"}],"curies":[{"name":"wp","href":"https:\/\/api.w.org\/{rel}","templated":true}]}}