{"id":1114,"date":"2026-02-08T23:59:42","date_gmt":"2026-02-08T22:59:42","guid":{"rendered":"https:\/\/vitria.com.uy\/web\/?post_type=product&#038;p=1114"},"modified":"2026-02-08T23:59:42","modified_gmt":"2026-02-08T22:59:42","slug":"sudadera-con-capucha-de-alta-visibilidad","status":"publish","type":"product","link":"https:\/\/vitria.com.uy\/web\/producto\/sudadera-con-capucha-de-alta-visibilidad\/","title":{"rendered":"SUDADERA CON CAPUCHA DE ALTA VISIBILIDAD"},"content":{"rendered":"<p>SUDADERA CON CAPUCHA DE ALTA VISIBILIDAD DE ALTO RENDIMIENTO CLASE 3 ARC RATING: 8.7 cal\/cm\u00b2 CAT LEVEL: CAT 2 MATERIALES: TELA FR DE PUNTO EL\u00c1STICA EN CUATRO DIRECCIONES DE 6.2 OZ.<br \/>\nDise\u00f1ado para m\u00e1xima movilidad y protecci\u00f3n, con tejido el\u00e1stico en cuatro direcciones, transpirable y con FPS 50+. La capucha ergon\u00f3mica se adapta a cascos de seguridad, mientras que las mangas ragl\u00e1n mejoran la libertad de movimiento. Las cintas reflectante ign\u00edfugo y los antebrazos con bloques de color proporcionan mayor seguridad y comodidad en el trabajo.<\/p>\n","protected":false},"excerpt":{"rendered":"<p>SUDADERA CON CAPUCHA DE ALTA VISIBILIDAD DE ALTO RENDIMIENTO CLASE 3 ARC RATING: 8.7 cal\/cm\u00b2 CAT LEVEL: CAT 2 MATERIALES: TELA FR DE PUNTO EL\u00c1STICA EN CUATRO DIRECCIONES DE 6.2 OZ. Dise\u00f1ado para m\u00e1xima movilidad y protecci\u00f3n, con tejido el\u00e1stico en cuatro direcciones, transpirable y con FPS 50+. La capucha ergon\u00f3mica se adapta a cascos [&hellip;]<\/p>\n","protected":false},"featured_media":1117,"template":"","meta":[],"product_brand":[165],"product_cat":[97,83,96],"product_tag":[],"class_list":{"0":"post-1114","1":"product","2":"type-product","3":"status-publish","4":"has-post-thumbnail","6":"product_brand-drifire","7":"product_cat-arco-electrico","8":"product_cat-ropa-de-trabajo","9":"product_cat-ropa-tecnica","11":"first","12":"instock","13":"shipping-taxable","14":"product-type-simple"},"aioseo_notices":[],"jetpack_sharing_enabled":true,"_links":{"self":[{"href":"https:\/\/vitria.com.uy\/web\/wp-json\/wp\/v2\/product\/1114","targetHints":{"allow":["GET"]}}],"collection":[{"href":"https:\/\/vitria.com.uy\/web\/wp-json\/wp\/v2\/product"}],"about":[{"href":"https:\/\/vitria.com.uy\/web\/wp-json\/wp\/v2\/types\/product"}],"version-history":[{"count":1,"href":"https:\/\/vitria.com.uy\/web\/wp-json\/wp\/v2\/product\/1114\/revisions"}],"predecessor-version":[{"id":1118,"href":"https:\/\/vitria.com.uy\/web\/wp-json\/wp\/v2\/product\/1114\/revisions\/1118"}],"wp:featuredmedia":[{"embeddable":true,"href":"https:\/\/vitria.com.uy\/web\/wp-json\/wp\/v2\/media\/1117"}],"wp:attachment":[{"href":"https:\/\/vitria.com.uy\/web\/wp-json\/wp\/v2\/media?parent=1114"}],"wp:term":[{"taxonomy":"product_brand","embeddable":true,"href":"https:\/\/vitria.com.uy\/web\/wp-json\/wp\/v2\/product_brand?post=1114"},{"taxonomy":"product_cat","embeddable":true,"href":"https:\/\/vitria.com.uy\/web\/wp-json\/wp\/v2\/product_cat?post=1114"},{"taxonomy":"product_tag","embeddable":true,"href":"https:\/\/vitria.com.uy\/web\/wp-json\/wp\/v2\/product_tag?post=1114"}],"curies":[{"name":"wp","href":"https:\/\/api.w.org\/{rel}","templated":true}]}}