{"id":1119,"date":"2026-02-09T00:12:58","date_gmt":"2026-02-08T23:12:58","guid":{"rendered":"https:\/\/vitria.com.uy\/web\/?post_type=product&#038;p=1119"},"modified":"2026-02-09T00:12:58","modified_gmt":"2026-02-08T23:12:58","slug":"drifire-helix-fr-hi-vis-manga-larga-proteccion-y-comodidad-ultraligera","status":"publish","type":"product","link":"https:\/\/vitria.com.uy\/web\/producto\/drifire-helix-fr-hi-vis-manga-larga-proteccion-y-comodidad-ultraligera\/","title":{"rendered":"DRIFIRE Helix FR Hi-Vis Manga Larga | Protecci\u00f3n y Comodidad Ultraligera"},"content":{"rendered":"<p>La camiseta de manga larga DRIFIRE Helix FR Hi-Vis tiene un corte moderno y atl\u00e9tico con mangas ragl\u00e1n. Incorpora una mezcla de fibras patentada y una estructura de tejido Helix para un rendimiento \u00f3ptimo. Las fibras de absorci\u00f3n son suaves contra la piel, aumentan la comodidad y ayudan a regular la temperatura corporal. Con un peso de 6.5 onzas, esta camiseta ligera pero duradera est\u00e1 doblemente certificada para protecci\u00f3n contra arco el\u00e9ctrico y fuego repentino.<\/p>\n<p>Caracter\u00edsticas adicionales de la camiseta DRIFIRE Helix FR Hi-Vis Manga Larga Clase 3:<\/p>\n<p>Clasificaci\u00f3n de arco: 12 cal\/cm\u00b2<\/p>\n<p>Nivel CAT: 2<\/p>\n<p>Tejido: 6.5 oz. DRIFIRE Helix Knit<\/p>\n<p>Doble certificaci\u00f3n conforme a NFPA 2112 y NFPA 70E<\/p>\n<p>Cumple con las normas ASTM F1506 y ANSI\/ISEA 107<\/p>\n<p>Tipo R, Clase 3<\/p>\n<p>Material ligero, transpirable y de alta elasticidad<\/p>\n<p>Bolsillo en el pecho izquierdo<\/p>\n<p>Cuello sin etiqueta para mayor comodidad<\/p>\n<p>Etiquetado exterior de cumplimiento para f\u00e1cil identificaci\u00f3n<\/p>\n<p>Mangas ragl\u00e1n para mayor movilidad<\/p>\n","protected":false},"excerpt":{"rendered":"<p>La camiseta de manga larga DRIFIRE Helix FR Hi-Vis tiene un corte moderno y atl\u00e9tico con mangas ragl\u00e1n. Incorpora una mezcla de fibras patentada y una estructura de tejido Helix para un rendimiento \u00f3ptimo. Las fibras de absorci\u00f3n son suaves contra la piel, aumentan la comodidad y ayudan a regular la temperatura corporal. Con un [&hellip;]<\/p>\n","protected":false},"featured_media":1123,"template":"","meta":[],"product_brand":[165],"product_cat":[97,83,85],"product_tag":[],"class_list":{"0":"post-1119","1":"product","2":"type-product","3":"status-publish","4":"has-post-thumbnail","6":"product_brand-drifire","7":"product_cat-arco-electrico","8":"product_cat-ropa-de-trabajo","9":"product_cat-t-shirt","11":"first","12":"instock","13":"shipping-taxable","14":"product-type-simple"},"aioseo_notices":[],"jetpack_sharing_enabled":true,"_links":{"self":[{"href":"https:\/\/vitria.com.uy\/web\/wp-json\/wp\/v2\/product\/1119","targetHints":{"allow":["GET"]}}],"collection":[{"href":"https:\/\/vitria.com.uy\/web\/wp-json\/wp\/v2\/product"}],"about":[{"href":"https:\/\/vitria.com.uy\/web\/wp-json\/wp\/v2\/types\/product"}],"version-history":[{"count":1,"href":"https:\/\/vitria.com.uy\/web\/wp-json\/wp\/v2\/product\/1119\/revisions"}],"predecessor-version":[{"id":1124,"href":"https:\/\/vitria.com.uy\/web\/wp-json\/wp\/v2\/product\/1119\/revisions\/1124"}],"wp:featuredmedia":[{"embeddable":true,"href":"https:\/\/vitria.com.uy\/web\/wp-json\/wp\/v2\/media\/1123"}],"wp:attachment":[{"href":"https:\/\/vitria.com.uy\/web\/wp-json\/wp\/v2\/media?parent=1119"}],"wp:term":[{"taxonomy":"product_brand","embeddable":true,"href":"https:\/\/vitria.com.uy\/web\/wp-json\/wp\/v2\/product_brand?post=1119"},{"taxonomy":"product_cat","embeddable":true,"href":"https:\/\/vitria.com.uy\/web\/wp-json\/wp\/v2\/product_cat?post=1119"},{"taxonomy":"product_tag","embeddable":true,"href":"https:\/\/vitria.com.uy\/web\/wp-json\/wp\/v2\/product_tag?post=1119"}],"curies":[{"name":"wp","href":"https:\/\/api.w.org\/{rel}","templated":true}]}}