{"id":1141,"date":"2026-02-09T00:31:05","date_gmt":"2026-02-08T23:31:05","guid":{"rendered":"https:\/\/vitria.com.uy\/web\/?post_type=product&#038;p=1141"},"modified":"2026-02-09T00:33:32","modified_gmt":"2026-02-08T23:33:32","slug":"drifire-fr-hi-vis-camisa-de-trabajo-ultraligera-manga-larga","status":"publish","type":"product","link":"https:\/\/vitria.com.uy\/web\/producto\/drifire-fr-hi-vis-camisa-de-trabajo-ultraligera-manga-larga\/","title":{"rendered":"DRIFIRE FR Hi-Vis Camisa de Trabajo Ultraligera | Manga Larga"},"content":{"rendered":"<p>Mantente protegido y c\u00f3modo con esta camisa de trabajo FR premium, confeccionada con tela duradera e inherentemente resistente al fuego. Incluye ribete reflectante 3M\u2122 Scotchlite\u2122 para mayor visibilidad, tecnolog\u00eda de absorci\u00f3n de humedad para mantenerte fresco y seco, y antebrazos en color gris para disimular la suciedad. Dise\u00f1ada para la durabilidad, cuenta con bolsillos con solapa y botones, compartimentos para l\u00e1piz y una excelente retenci\u00f3n de color lavado tras lavado. Cumple con las normas NFPA 70E, NFPA 2112, ASTM F1506, CSA Z462, OSHA 1910.269 y ANSI\/ISEA 107 Tipo R Clase 3, garantizando m\u00e1xima seguridad y protecci\u00f3n.<\/p>\n","protected":false},"excerpt":{"rendered":"<p>Mantente protegido y c\u00f3modo con esta camisa de trabajo FR premium, confeccionada con tela duradera e inherentemente resistente al fuego. Incluye ribete reflectante 3M\u2122 Scotchlite\u2122 para mayor visibilidad, tecnolog\u00eda de absorci\u00f3n de humedad para mantenerte fresco y seco, y antebrazos en color gris para disimular la suciedad. Dise\u00f1ada para la durabilidad, cuenta con bolsillos con [&hellip;]<\/p>\n","protected":false},"featured_media":1145,"template":"","meta":[],"product_brand":[165],"product_cat":[97,84,83,96],"product_tag":[],"class_list":{"0":"post-1141","1":"product","2":"type-product","3":"status-publish","4":"has-post-thumbnail","6":"product_brand-drifire","7":"product_cat-arco-electrico","8":"product_cat-camisas","9":"product_cat-ropa-de-trabajo","10":"product_cat-ropa-tecnica","12":"first","13":"instock","14":"shipping-taxable","15":"product-type-simple"},"aioseo_notices":[],"jetpack_sharing_enabled":true,"_links":{"self":[{"href":"https:\/\/vitria.com.uy\/web\/wp-json\/wp\/v2\/product\/1141","targetHints":{"allow":["GET"]}}],"collection":[{"href":"https:\/\/vitria.com.uy\/web\/wp-json\/wp\/v2\/product"}],"about":[{"href":"https:\/\/vitria.com.uy\/web\/wp-json\/wp\/v2\/types\/product"}],"version-history":[{"count":1,"href":"https:\/\/vitria.com.uy\/web\/wp-json\/wp\/v2\/product\/1141\/revisions"}],"predecessor-version":[{"id":1146,"href":"https:\/\/vitria.com.uy\/web\/wp-json\/wp\/v2\/product\/1141\/revisions\/1146"}],"wp:featuredmedia":[{"embeddable":true,"href":"https:\/\/vitria.com.uy\/web\/wp-json\/wp\/v2\/media\/1145"}],"wp:attachment":[{"href":"https:\/\/vitria.com.uy\/web\/wp-json\/wp\/v2\/media?parent=1141"}],"wp:term":[{"taxonomy":"product_brand","embeddable":true,"href":"https:\/\/vitria.com.uy\/web\/wp-json\/wp\/v2\/product_brand?post=1141"},{"taxonomy":"product_cat","embeddable":true,"href":"https:\/\/vitria.com.uy\/web\/wp-json\/wp\/v2\/product_cat?post=1141"},{"taxonomy":"product_tag","embeddable":true,"href":"https:\/\/vitria.com.uy\/web\/wp-json\/wp\/v2\/product_tag?post=1141"}],"curies":[{"name":"wp","href":"https:\/\/api.w.org\/{rel}","templated":true}]}}