{"id":1147,"date":"2026-02-09T00:31:22","date_gmt":"2026-02-08T23:31:22","guid":{"rendered":"https:\/\/vitria.com.uy\/web\/?post_type=product&#038;p=1147"},"modified":"2026-02-09T00:39:15","modified_gmt":"2026-02-08T23:39:15","slug":"drifire-fr-hi-vis-camisa-de-trabajo-clase-3-resistente-y-comoda","status":"publish","type":"product","link":"https:\/\/vitria.com.uy\/web\/producto\/drifire-fr-hi-vis-camisa-de-trabajo-clase-3-resistente-y-comoda\/","title":{"rendered":"DRIFIRE FR Hi-Vis Camisa de Trabajo Clase 3 | Resistente y C\u00f3moda"},"content":{"rendered":"<p>La camisa de trabajo de alta visibilidad DRIFIRE FR Clase 3 ofrece la protecci\u00f3n que necesitas con la apariencia profesional que deseas. El ribete reflectante plateado FR de 2\u201d alrededor del pecho y b\u00edceps garantiza visibilidad de 360\u00b0 conforme a ANSI\/ISEA 107-2010 Clase 3. El cierre frontal con botones y los pu\u00f1os forrados con cierre de bot\u00f3n le dan a esta camisa un aspecto elegante. Confeccionada en material ligero y transpirable, y dise\u00f1ada con un corte no restrictivo, experimentar\u00e1s la m\u00e1xima comodidad en el trabajo con esta camisa.<\/p>\n<p>Caracter\u00edsticas adicionales de la camisa DRIFIRE FR Hi-Vis Clase 3:<\/p>\n<p>Clasificaci\u00f3n de arco: 8.9 cal\/cm\u00b2<\/p>\n<p>Nivel CAT: 2<\/p>\n<p>Tejido: 6.5 oz. Westex DH<\/p>\n<p>Doble certificaci\u00f3n conforme a NFPA 70E y NFPA 2112<\/p>\n<p>Cumple con las normas ASTM F1506 y ANSI 107 \u2013 Tipo R Clase 3<\/p>\n<p>Material transpirable y de absorci\u00f3n de humedad<\/p>\n<p>Ribete reflectante FR 3M Scotchlite<\/p>\n<p>Cuello con botones<\/p>\n<p>Bolsillo en el pecho izquierdo<\/p>\n<p>Corte no restrictivo para mayor rango de movimiento<\/p>\n","protected":false},"excerpt":{"rendered":"<p>La camisa de trabajo de alta visibilidad DRIFIRE FR Clase 3 ofrece la protecci\u00f3n que necesitas con la apariencia profesional que deseas. El ribete reflectante plateado FR de 2\u201d alrededor del pecho y b\u00edceps garantiza visibilidad de 360\u00b0 conforme a ANSI\/ISEA 107-2010 Clase 3. El cierre frontal con botones y los pu\u00f1os forrados con cierre [&hellip;]<\/p>\n","protected":false},"featured_media":1159,"template":"","meta":[],"product_brand":[165],"product_cat":[97,84,83,96],"product_tag":[],"class_list":{"0":"post-1147","1":"product","2":"type-product","3":"status-publish","4":"has-post-thumbnail","6":"product_brand-drifire","7":"product_cat-arco-electrico","8":"product_cat-camisas","9":"product_cat-ropa-de-trabajo","10":"product_cat-ropa-tecnica","12":"first","13":"instock","14":"shipping-taxable","15":"product-type-simple"},"aioseo_notices":[],"jetpack_sharing_enabled":true,"_links":{"self":[{"href":"https:\/\/vitria.com.uy\/web\/wp-json\/wp\/v2\/product\/1147","targetHints":{"allow":["GET"]}}],"collection":[{"href":"https:\/\/vitria.com.uy\/web\/wp-json\/wp\/v2\/product"}],"about":[{"href":"https:\/\/vitria.com.uy\/web\/wp-json\/wp\/v2\/types\/product"}],"version-history":[{"count":1,"href":"https:\/\/vitria.com.uy\/web\/wp-json\/wp\/v2\/product\/1147\/revisions"}],"predecessor-version":[{"id":1158,"href":"https:\/\/vitria.com.uy\/web\/wp-json\/wp\/v2\/product\/1147\/revisions\/1158"}],"wp:featuredmedia":[{"embeddable":true,"href":"https:\/\/vitria.com.uy\/web\/wp-json\/wp\/v2\/media\/1159"}],"wp:attachment":[{"href":"https:\/\/vitria.com.uy\/web\/wp-json\/wp\/v2\/media?parent=1147"}],"wp:term":[{"taxonomy":"product_brand","embeddable":true,"href":"https:\/\/vitria.com.uy\/web\/wp-json\/wp\/v2\/product_brand?post=1147"},{"taxonomy":"product_cat","embeddable":true,"href":"https:\/\/vitria.com.uy\/web\/wp-json\/wp\/v2\/product_cat?post=1147"},{"taxonomy":"product_tag","embeddable":true,"href":"https:\/\/vitria.com.uy\/web\/wp-json\/wp\/v2\/product_tag?post=1147"}],"curies":[{"name":"wp","href":"https:\/\/api.w.org\/{rel}","templated":true}]}}