{"id":445,"date":"2025-11-30T19:29:19","date_gmt":"2025-11-30T18:29:19","guid":{"rendered":"https:\/\/vitria.com.uy\/web\/?post_type=product&#038;p=445"},"modified":"2025-11-30T20:31:23","modified_gmt":"2025-11-30T19:31:23","slug":"proteccion-forestal-protector-facial-malla-tejida-con-protector-auditivo","status":"publish","type":"product","link":"https:\/\/vitria.com.uy\/web\/producto\/proteccion-forestal-protector-facial-malla-tejida-con-protector-auditivo\/","title":{"rendered":"Protector Forestal Facial Malla Tejida con Protector Auditivo"},"content":{"rendered":"<p>Protecci\u00f3n Forestal Protector Facial Malla Tejida + Protector Auditivo<br \/>\nLa pantalla facial con rejilla met\u00e1lica 10 Forestal ha sido dise\u00f1ada para ofrecer una efectiva protecci\u00f3n contra el riesgo de impacto de part\u00edculas grandes, como las originadas en trabajos forestales y de jardiner\u00eda. Gracias a la gran resistencia de la rejilla met\u00e1lica, la pantalla es capaz de soportar el impacto de proyectiles de elevada velocidad, tales como astillas de madera, piedras, tallos y ramas, etc..<\/p>\n<p>Material: Visor de malla met\u00e1lica<br \/>\nMedidas: 200 x 230 mm<br \/>\nTalla atalaje: 56-64 cm<\/p>\n<p>EN 1731:2006<br \/>\nEN 352-1:2002<\/p>\n","protected":false},"excerpt":{"rendered":"<p>Protecci\u00f3n Forestal Protector Facial Malla Tejida + Protector Auditivo La pantalla facial con rejilla met\u00e1lica 10 Forestal ha sido dise\u00f1ada para ofrecer una efectiva protecci\u00f3n contra el riesgo de impacto de part\u00edculas grandes, como las originadas en trabajos forestales y de jardiner\u00eda. Gracias a la gran resistencia de la rejilla met\u00e1lica, la pantalla es capaz [&hellip;]<\/p>\n","protected":false},"featured_media":452,"template":"","meta":[],"product_brand":[148],"product_cat":[37,72,44,36,70,144],"product_tag":[],"class_list":{"0":"post-445","1":"product","2":"type-product","3":"status-publish","4":"has-post-thumbnail","6":"product_brand-climax","7":"product_cat-cascos","8":"product_cat-pantallas-faciales","9":"product_cat-proteccion-auditiva","10":"product_cat-proteccion-craneana","11":"product_cat-proteccion-facial","12":"product_cat-protecciones","14":"first","15":"instock","16":"shipping-taxable","17":"product-type-simple"},"aioseo_notices":[],"jetpack_sharing_enabled":true,"_links":{"self":[{"href":"https:\/\/vitria.com.uy\/web\/wp-json\/wp\/v2\/product\/445","targetHints":{"allow":["GET"]}}],"collection":[{"href":"https:\/\/vitria.com.uy\/web\/wp-json\/wp\/v2\/product"}],"about":[{"href":"https:\/\/vitria.com.uy\/web\/wp-json\/wp\/v2\/types\/product"}],"version-history":[{"count":1,"href":"https:\/\/vitria.com.uy\/web\/wp-json\/wp\/v2\/product\/445\/revisions"}],"predecessor-version":[{"id":449,"href":"https:\/\/vitria.com.uy\/web\/wp-json\/wp\/v2\/product\/445\/revisions\/449"}],"wp:featuredmedia":[{"embeddable":true,"href":"https:\/\/vitria.com.uy\/web\/wp-json\/wp\/v2\/media\/452"}],"wp:attachment":[{"href":"https:\/\/vitria.com.uy\/web\/wp-json\/wp\/v2\/media?parent=445"}],"wp:term":[{"taxonomy":"product_brand","embeddable":true,"href":"https:\/\/vitria.com.uy\/web\/wp-json\/wp\/v2\/product_brand?post=445"},{"taxonomy":"product_cat","embeddable":true,"href":"https:\/\/vitria.com.uy\/web\/wp-json\/wp\/v2\/product_cat?post=445"},{"taxonomy":"product_tag","embeddable":true,"href":"https:\/\/vitria.com.uy\/web\/wp-json\/wp\/v2\/product_tag?post=445"}],"curies":[{"name":"wp","href":"https:\/\/api.w.org\/{rel}","templated":true}]}}