{"id":454,"date":"2025-11-30T20:41:44","date_gmt":"2025-11-30T19:41:44","guid":{"rendered":"https:\/\/vitria.com.uy\/web\/?post_type=product&#038;p=454"},"modified":"2025-11-30T20:41:44","modified_gmt":"2025-11-30T19:41:44","slug":"pantalla-437-complet-cadi","status":"publish","type":"product","link":"https:\/\/vitria.com.uy\/web\/producto\/pantalla-437-complet-cadi\/","title":{"rendered":"PANTALLA 437 COMPLET CADI"},"content":{"rendered":"<p>La pantalla facial 437 Complet Cad\u00ed ha sido dise\u00f1ada para ofrecer protecci\u00f3n en trabajos forestales, de jardiner\u00eda, tala y corte, desbrozado u otras actividades afines que requieran protecci\u00f3n conjunta de la cabeza, ojos, o\u00eddos y rostro. El conjunto se compone de casco, rejilla abatible con anclaje para casco y protectores de o\u00eddos. Cuando la protecci\u00f3n auditiva no se necesite, los casquetes se pueden recoger sobre el casco.<\/p>\n<p>EN 352-3 CE<br \/>\nEN 1731 CE<br \/>\nEN 12492 CE<\/p>\n<p>Visor met\u00e1lico + Protector de o\u00eddo 16-P + Casco Cad\u00ed SNR = 27 dB<\/p>\n","protected":false},"excerpt":{"rendered":"<p>La pantalla facial 437 Complet Cad\u00ed ha sido dise\u00f1ada para ofrecer protecci\u00f3n en trabajos forestales, de jardiner\u00eda, tala y corte, desbrozado u otras actividades afines que requieran protecci\u00f3n conjunta de la cabeza, ojos, o\u00eddos y rostro. El conjunto se compone de casco, rejilla abatible con anclaje para casco y protectores de o\u00eddos. Cuando la protecci\u00f3n [&hellip;]<\/p>\n","protected":false},"featured_media":446,"template":"","meta":[],"product_brand":[148],"product_cat":[37,72,44,36,70,144],"product_tag":[],"class_list":{"0":"post-454","1":"product","2":"type-product","3":"status-publish","4":"has-post-thumbnail","6":"product_brand-climax","7":"product_cat-cascos","8":"product_cat-pantallas-faciales","9":"product_cat-proteccion-auditiva","10":"product_cat-proteccion-craneana","11":"product_cat-proteccion-facial","12":"product_cat-protecciones","14":"first","15":"instock","16":"shipping-taxable","17":"product-type-simple"},"aioseo_notices":[],"jetpack_sharing_enabled":true,"_links":{"self":[{"href":"https:\/\/vitria.com.uy\/web\/wp-json\/wp\/v2\/product\/454","targetHints":{"allow":["GET"]}}],"collection":[{"href":"https:\/\/vitria.com.uy\/web\/wp-json\/wp\/v2\/product"}],"about":[{"href":"https:\/\/vitria.com.uy\/web\/wp-json\/wp\/v2\/types\/product"}],"version-history":[{"count":0,"href":"https:\/\/vitria.com.uy\/web\/wp-json\/wp\/v2\/product\/454\/revisions"}],"wp:featuredmedia":[{"embeddable":true,"href":"https:\/\/vitria.com.uy\/web\/wp-json\/wp\/v2\/media\/446"}],"wp:attachment":[{"href":"https:\/\/vitria.com.uy\/web\/wp-json\/wp\/v2\/media?parent=454"}],"wp:term":[{"taxonomy":"product_brand","embeddable":true,"href":"https:\/\/vitria.com.uy\/web\/wp-json\/wp\/v2\/product_brand?post=454"},{"taxonomy":"product_cat","embeddable":true,"href":"https:\/\/vitria.com.uy\/web\/wp-json\/wp\/v2\/product_cat?post=454"},{"taxonomy":"product_tag","embeddable":true,"href":"https:\/\/vitria.com.uy\/web\/wp-json\/wp\/v2\/product_tag?post=454"}],"curies":[{"name":"wp","href":"https:\/\/api.w.org\/{rel}","templated":true}]}}