{"id":457,"date":"2025-11-30T20:55:11","date_gmt":"2025-11-30T19:55:11","guid":{"rendered":"https:\/\/vitria.com.uy\/web\/?post_type=product&#038;p=457"},"modified":"2025-11-30T20:55:29","modified_gmt":"2025-11-30T19:55:29","slug":"proteccion-facial-para-soldador-para-casco","status":"publish","type":"product","link":"https:\/\/vitria.com.uy\/web\/producto\/proteccion-facial-para-soldador-para-casco\/","title":{"rendered":"Protecci\u00f3n Facial Para Soldador para Casco"},"content":{"rendered":"<p>La pantalla de soldadura 415-A ha sido dise\u00f1ada para ofrecer una efectiva protecci\u00f3n contra las radiaciones emitidas en los procesos de soldadura, as\u00ed como contra las part\u00edculas incandescentes que se puedan desprender durante \u00e9stos. El conjunto se compone de casco y pantalla de soldadura abatible con anclaje para casco. Su sistema de sujeci\u00f3n es totalmente regulable para conseguir un perfecto ajuste a las diferentes sonom\u00edas de los usuarios.<\/p>\n<p>PANTALLA 415-A<br \/>\nEN 166 CE<\/p>\n<p>EN 169 CE<br \/>\nEN 175 CE<br \/>\nEN 397 CE<\/p>\n<p>Material: Polipropileno<br \/>\nMedidas del ocular:<br \/>\n105 x 50 mm<br \/>\n108 x 51 mm<br \/>\n110 x 55 mm<br \/>\n110 x 50 mm<br \/>\n110 x 60 mm<br \/>\nTono: 9 \u2013 13<br \/>\nTalla atalaje: 52 \u2013 61 cm<br \/>\nMarco ocular abatible<\/p>\n","protected":false},"excerpt":{"rendered":"<p>La pantalla de soldadura 415-A ha sido dise\u00f1ada para ofrecer una efectiva protecci\u00f3n contra las radiaciones emitidas en los procesos de soldadura, as\u00ed como contra las part\u00edculas incandescentes que se puedan desprender durante \u00e9stos. El conjunto se compone de casco y pantalla de soldadura abatible con anclaje para casco. Su sistema de sujeci\u00f3n es totalmente [&hellip;]<\/p>\n","protected":false},"featured_media":460,"template":"","meta":[],"product_brand":[148],"product_cat":[72,70,144],"product_tag":[],"class_list":{"0":"post-457","1":"product","2":"type-product","3":"status-publish","4":"has-post-thumbnail","6":"product_brand-climax","7":"product_cat-pantallas-faciales","8":"product_cat-proteccion-facial","9":"product_cat-protecciones","11":"first","12":"instock","13":"shipping-taxable","14":"product-type-simple"},"aioseo_notices":[],"jetpack_sharing_enabled":true,"_links":{"self":[{"href":"https:\/\/vitria.com.uy\/web\/wp-json\/wp\/v2\/product\/457","targetHints":{"allow":["GET"]}}],"collection":[{"href":"https:\/\/vitria.com.uy\/web\/wp-json\/wp\/v2\/product"}],"about":[{"href":"https:\/\/vitria.com.uy\/web\/wp-json\/wp\/v2\/types\/product"}],"version-history":[{"count":0,"href":"https:\/\/vitria.com.uy\/web\/wp-json\/wp\/v2\/product\/457\/revisions"}],"wp:featuredmedia":[{"embeddable":true,"href":"https:\/\/vitria.com.uy\/web\/wp-json\/wp\/v2\/media\/460"}],"wp:attachment":[{"href":"https:\/\/vitria.com.uy\/web\/wp-json\/wp\/v2\/media?parent=457"}],"wp:term":[{"taxonomy":"product_brand","embeddable":true,"href":"https:\/\/vitria.com.uy\/web\/wp-json\/wp\/v2\/product_brand?post=457"},{"taxonomy":"product_cat","embeddable":true,"href":"https:\/\/vitria.com.uy\/web\/wp-json\/wp\/v2\/product_cat?post=457"},{"taxonomy":"product_tag","embeddable":true,"href":"https:\/\/vitria.com.uy\/web\/wp-json\/wp\/v2\/product_tag?post=457"}],"curies":[{"name":"wp","href":"https:\/\/api.w.org\/{rel}","templated":true}]}}