{"id":585,"date":"2025-12-14T23:38:00","date_gmt":"2025-12-14T22:38:00","guid":{"rendered":"https:\/\/vitria.com.uy\/web\/?post_type=product&#038;p=585"},"modified":"2025-12-14T23:38:01","modified_gmt":"2025-12-14T22:38:01","slug":"arnes-rota-confort","status":"publish","type":"product","link":"https:\/\/vitria.com.uy\/web\/producto\/arnes-rota-confort\/","title":{"rendered":"ARN\u00c9S ROTA CONFORT"},"content":{"rendered":"<p>Antica\u00eddas (EN 361 CE)<br \/>\nPosicionamiento (EN 358 CE)<\/p>\n<p>2 puntos de anclaje antica\u00eddas (A): dorsal y frontal<br \/>\n2 hebillas laterales abatibles de posicionamiento<br \/>\nHebillas de r\u00e1pida actuaci\u00f3n en banda de cintura, perneras y en cierre pectoral<br \/>\nAcolchamiento en banda de cintura y perneras<br \/>\n2 aros portamateriales r\u00edgidos<\/p>\n","protected":false},"excerpt":{"rendered":"<p>Antica\u00eddas (EN 361 CE) Posicionamiento (EN 358 CE) 2 puntos de anclaje antica\u00eddas (A): dorsal y frontal 2 hebillas laterales abatibles de posicionamiento Hebillas de r\u00e1pida actuaci\u00f3n en banda de cintura, perneras y en cierre pectoral Acolchamiento en banda de cintura y perneras 2 aros portamateriales r\u00edgidos<\/p>\n","protected":false},"featured_media":586,"template":"","meta":[],"product_brand":[148],"product_cat":[74,73],"product_tag":[],"class_list":{"0":"post-585","1":"product","2":"type-product","3":"status-publish","4":"has-post-thumbnail","6":"product_brand-climax","7":"product_cat-arneses","8":"product_cat-proteccion-contra-caidas","10":"first","11":"instock","12":"shipping-taxable","13":"product-type-simple"},"aioseo_notices":[],"jetpack_sharing_enabled":true,"_links":{"self":[{"href":"https:\/\/vitria.com.uy\/web\/wp-json\/wp\/v2\/product\/585","targetHints":{"allow":["GET"]}}],"collection":[{"href":"https:\/\/vitria.com.uy\/web\/wp-json\/wp\/v2\/product"}],"about":[{"href":"https:\/\/vitria.com.uy\/web\/wp-json\/wp\/v2\/types\/product"}],"version-history":[{"count":0,"href":"https:\/\/vitria.com.uy\/web\/wp-json\/wp\/v2\/product\/585\/revisions"}],"wp:featuredmedia":[{"embeddable":true,"href":"https:\/\/vitria.com.uy\/web\/wp-json\/wp\/v2\/media\/586"}],"wp:attachment":[{"href":"https:\/\/vitria.com.uy\/web\/wp-json\/wp\/v2\/media?parent=585"}],"wp:term":[{"taxonomy":"product_brand","embeddable":true,"href":"https:\/\/vitria.com.uy\/web\/wp-json\/wp\/v2\/product_brand?post=585"},{"taxonomy":"product_cat","embeddable":true,"href":"https:\/\/vitria.com.uy\/web\/wp-json\/wp\/v2\/product_cat?post=585"},{"taxonomy":"product_tag","embeddable":true,"href":"https:\/\/vitria.com.uy\/web\/wp-json\/wp\/v2\/product_tag?post=585"}],"curies":[{"name":"wp","href":"https:\/\/api.w.org\/{rel}","templated":true}]}}