{"id":590,"date":"2025-12-14T23:46:29","date_gmt":"2025-12-14T22:46:29","guid":{"rendered":"https:\/\/vitria.com.uy\/web\/?post_type=product&#038;p=590"},"modified":"2025-12-14T23:46:29","modified_gmt":"2025-12-14T22:46:29","slug":"arnes-atlas","status":"publish","type":"product","link":"https:\/\/vitria.com.uy\/web\/producto\/arnes-atlas\/","title":{"rendered":"ARN\u00c9S ATLAS"},"content":{"rendered":"<p>Antica\u00eddas (EN 361 CE)<br \/>\nPosicionamiento (EN 358 CE)<br \/>\nSuspensi\u00f3n (EN 813 CE)<\/p>\n<p>2 puntos de anclaje antica\u00eddas (A): dorsal y frontal<br \/>\nAnclaje ventral de suspensi\u00f3n<br \/>\n2 hebillas laterales abatibles de posicionamiento<br \/>\nHebillas de r\u00e1pida actuaci\u00f3n en banda de cintura, perneras y en cierre pectoral<br \/>\nAcolchamiento en banda de cintura y perneras<br \/>\n3 aros portamateriales r\u00edgidos<\/p>\n<p>Arnes dise\u00f1ado para soportar usuarios hasta 140KG<\/p>\n","protected":false},"excerpt":{"rendered":"<p>Antica\u00eddas (EN 361 CE) Posicionamiento (EN 358 CE) Suspensi\u00f3n (EN 813 CE) 2 puntos de anclaje antica\u00eddas (A): dorsal y frontal Anclaje ventral de suspensi\u00f3n 2 hebillas laterales abatibles de posicionamiento Hebillas de r\u00e1pida actuaci\u00f3n en banda de cintura, perneras y en cierre pectoral Acolchamiento en banda de cintura y perneras 3 aros portamateriales r\u00edgidos [&hellip;]<\/p>\n","protected":false},"featured_media":591,"template":"","meta":[],"product_brand":[148],"product_cat":[74,73],"product_tag":[],"class_list":{"0":"post-590","1":"product","2":"type-product","3":"status-publish","4":"has-post-thumbnail","6":"product_brand-climax","7":"product_cat-arneses","8":"product_cat-proteccion-contra-caidas","10":"first","11":"instock","12":"shipping-taxable","13":"product-type-simple"},"aioseo_notices":[],"jetpack_sharing_enabled":true,"_links":{"self":[{"href":"https:\/\/vitria.com.uy\/web\/wp-json\/wp\/v2\/product\/590","targetHints":{"allow":["GET"]}}],"collection":[{"href":"https:\/\/vitria.com.uy\/web\/wp-json\/wp\/v2\/product"}],"about":[{"href":"https:\/\/vitria.com.uy\/web\/wp-json\/wp\/v2\/types\/product"}],"version-history":[{"count":0,"href":"https:\/\/vitria.com.uy\/web\/wp-json\/wp\/v2\/product\/590\/revisions"}],"wp:featuredmedia":[{"embeddable":true,"href":"https:\/\/vitria.com.uy\/web\/wp-json\/wp\/v2\/media\/591"}],"wp:attachment":[{"href":"https:\/\/vitria.com.uy\/web\/wp-json\/wp\/v2\/media?parent=590"}],"wp:term":[{"taxonomy":"product_brand","embeddable":true,"href":"https:\/\/vitria.com.uy\/web\/wp-json\/wp\/v2\/product_brand?post=590"},{"taxonomy":"product_cat","embeddable":true,"href":"https:\/\/vitria.com.uy\/web\/wp-json\/wp\/v2\/product_cat?post=590"},{"taxonomy":"product_tag","embeddable":true,"href":"https:\/\/vitria.com.uy\/web\/wp-json\/wp\/v2\/product_tag?post=590"}],"curies":[{"name":"wp","href":"https:\/\/api.w.org\/{rel}","templated":true}]}}