{"id":598,"date":"2025-12-15T00:06:06","date_gmt":"2025-12-14T23:06:06","guid":{"rendered":"https:\/\/vitria.com.uy\/web\/?post_type=product&#038;p=598"},"modified":"2025-12-15T00:06:20","modified_gmt":"2025-12-14T23:06:20","slug":"dispositivo-antitrauma-trauma-prevention-device","status":"publish","type":"product","link":"https:\/\/vitria.com.uy\/web\/producto\/dispositivo-antitrauma-trauma-prevention-device\/","title":{"rendered":"DISPOSITIVO ANTITRAUMA TRAUMA PREVENTION DEVICE"},"content":{"rendered":"<p>El dispositivo antitrauma est\u00e1 formado por dos bolsas que llevan<br \/>\nen su interior una cinta y un sistema de uni\u00f3n entre ellas. Las<br \/>\ncintas ofrecen un estribo al trabajador suspendido para apoyar<br \/>\nel peso del cuerpo, aliviando la presi\u00f3n que ejerce el arn\u00e9s sobre<br \/>\nlas ingles.<br \/>\nSu dise\u00f1o compacto y ligero no supone ninguna molestia al<br \/>\ntrabajador durante el desempe\u00f1o de sus labores.<br \/>\nCintas regulables. Longitud m\u00e1xima 130 cm.<br \/>\nPermite el movimiento de las piernas para favorecer la circulaci\u00f3n<br \/>\nde la sangre.<br \/>\nSe puede acoplar f\u00e1cilmente a toda la gama de arneses Climax.<\/p>\n","protected":false},"excerpt":{"rendered":"<p>El dispositivo antitrauma est\u00e1 formado por dos bolsas que llevan en su interior una cinta y un sistema de uni\u00f3n entre ellas. Las cintas ofrecen un estribo al trabajador suspendido para apoyar el peso del cuerpo, aliviando la presi\u00f3n que ejerce el arn\u00e9s sobre las ingles. Su dise\u00f1o compacto y ligero no supone ninguna molestia [&hellip;]<\/p>\n","protected":false},"featured_media":600,"template":"","meta":[],"product_brand":[148],"product_cat":[79,73],"product_tag":[],"class_list":{"0":"post-598","1":"product","2":"type-product","3":"status-publish","4":"has-post-thumbnail","6":"product_brand-climax","7":"product_cat-accesorios-proteccion-contra-caidas","8":"product_cat-proteccion-contra-caidas","10":"first","11":"instock","12":"shipping-taxable","13":"product-type-simple"},"aioseo_notices":[],"jetpack_sharing_enabled":true,"_links":{"self":[{"href":"https:\/\/vitria.com.uy\/web\/wp-json\/wp\/v2\/product\/598","targetHints":{"allow":["GET"]}}],"collection":[{"href":"https:\/\/vitria.com.uy\/web\/wp-json\/wp\/v2\/product"}],"about":[{"href":"https:\/\/vitria.com.uy\/web\/wp-json\/wp\/v2\/types\/product"}],"version-history":[{"count":0,"href":"https:\/\/vitria.com.uy\/web\/wp-json\/wp\/v2\/product\/598\/revisions"}],"wp:featuredmedia":[{"embeddable":true,"href":"https:\/\/vitria.com.uy\/web\/wp-json\/wp\/v2\/media\/600"}],"wp:attachment":[{"href":"https:\/\/vitria.com.uy\/web\/wp-json\/wp\/v2\/media?parent=598"}],"wp:term":[{"taxonomy":"product_brand","embeddable":true,"href":"https:\/\/vitria.com.uy\/web\/wp-json\/wp\/v2\/product_brand?post=598"},{"taxonomy":"product_cat","embeddable":true,"href":"https:\/\/vitria.com.uy\/web\/wp-json\/wp\/v2\/product_cat?post=598"},{"taxonomy":"product_tag","embeddable":true,"href":"https:\/\/vitria.com.uy\/web\/wp-json\/wp\/v2\/product_tag?post=598"}],"curies":[{"name":"wp","href":"https:\/\/api.w.org\/{rel}","templated":true}]}}