{"id":605,"date":"2025-12-15T00:18:52","date_gmt":"2025-12-14T23:18:52","guid":{"rendered":"https:\/\/vitria.com.uy\/web\/?post_type=product&#038;p=605"},"modified":"2025-12-15T00:18:52","modified_gmt":"2025-12-14T23:18:52","slug":"elemento-de-amarre-lanyard","status":"publish","type":"product","link":"https:\/\/vitria.com.uy\/web\/producto\/elemento-de-amarre-lanyard\/","title":{"rendered":"ELEMENTO DE AMARRE  LANYARD"},"content":{"rendered":"<p>El conjunto mod. 44 constituye un componente para formar un sistema antica\u00eddas seguro conforme a la n. Est\u00e1 concebido para unirse a un arn\u00e9s antica\u00eddas conforme a la norma EN 361:2002, evitando el riesgo de ca\u00edda en cada momento.<\/p>\n<p>Elemento de amarre en Y formado por dos cintas de poli\u00e9ster de 45 mm.<br \/>\n1 conector mod. 32: Conector direccional de acero.<br \/>\nBloqueo de seguridad autom\u00e1tico. Carga de rotura m\u00ednima: 22 kN. Di\u00e1metro abertura: 18 mm.<br \/>\n2 conectores mod. 31: Conector direccional de acero.<br \/>\nBloqueo de seguridad autom\u00e1tico. Utilizados para conectarlos a las estructuras de gran di\u00e1metro.<br \/>\nCarga de rotura m\u00ednima: 22kN.<br \/>\nDi\u00e1metro de abertura: 54 mm.<br \/>\nDisponible en tres medidas: 1m, 1,5m y 2m.<br \/>\nCarga de rotura m\u00ednima: 22kN.<br \/>\nLa vida \u00fatil te\u00f3rica del equipo es de 10 a\u00f1os a partir de la fecha de fabricaci\u00f3n y 5 a\u00f1os a partir del primer uso.<br \/>\nPeso: 1,448 kg<\/p>\n","protected":false},"excerpt":{"rendered":"<p>El conjunto mod. 44 constituye un componente para formar un sistema antica\u00eddas seguro conforme a la n. Est\u00e1 concebido para unirse a un arn\u00e9s antica\u00eddas conforme a la norma EN 361:2002, evitando el riesgo de ca\u00edda en cada momento. Elemento de amarre en Y formado por dos cintas de poli\u00e9ster de 45 mm. 1 conector [&hellip;]<\/p>\n","protected":false},"featured_media":606,"template":"","meta":[],"product_brand":[148],"product_cat":[79,73],"product_tag":[],"class_list":{"0":"post-605","1":"product","2":"type-product","3":"status-publish","4":"has-post-thumbnail","6":"product_brand-climax","7":"product_cat-accesorios-proteccion-contra-caidas","8":"product_cat-proteccion-contra-caidas","10":"first","11":"instock","12":"shipping-taxable","13":"product-type-simple"},"aioseo_notices":[],"jetpack_sharing_enabled":true,"_links":{"self":[{"href":"https:\/\/vitria.com.uy\/web\/wp-json\/wp\/v2\/product\/605","targetHints":{"allow":["GET"]}}],"collection":[{"href":"https:\/\/vitria.com.uy\/web\/wp-json\/wp\/v2\/product"}],"about":[{"href":"https:\/\/vitria.com.uy\/web\/wp-json\/wp\/v2\/types\/product"}],"version-history":[{"count":0,"href":"https:\/\/vitria.com.uy\/web\/wp-json\/wp\/v2\/product\/605\/revisions"}],"wp:featuredmedia":[{"embeddable":true,"href":"https:\/\/vitria.com.uy\/web\/wp-json\/wp\/v2\/media\/606"}],"wp:attachment":[{"href":"https:\/\/vitria.com.uy\/web\/wp-json\/wp\/v2\/media?parent=605"}],"wp:term":[{"taxonomy":"product_brand","embeddable":true,"href":"https:\/\/vitria.com.uy\/web\/wp-json\/wp\/v2\/product_brand?post=605"},{"taxonomy":"product_cat","embeddable":true,"href":"https:\/\/vitria.com.uy\/web\/wp-json\/wp\/v2\/product_cat?post=605"},{"taxonomy":"product_tag","embeddable":true,"href":"https:\/\/vitria.com.uy\/web\/wp-json\/wp\/v2\/product_tag?post=605"}],"curies":[{"name":"wp","href":"https:\/\/api.w.org\/{rel}","templated":true}]}}