{"id":612,"date":"2025-12-15T00:36:58","date_gmt":"2025-12-14T23:36:58","guid":{"rendered":"https:\/\/vitria.com.uy\/web\/?post_type=product&#038;p=612"},"modified":"2025-12-15T00:38:57","modified_gmt":"2025-12-14T23:38:57","slug":"conjunto-absorbedor-mod-36","status":"publish","type":"product","link":"https:\/\/vitria.com.uy\/web\/producto\/conjunto-absorbedor-mod-36\/","title":{"rendered":"CONJUNTO  ABSORBEDOR MOD. 36"},"content":{"rendered":"<p>El conjunto absorbedor de energ\u00eda Climax modelo 36 constituye un componente indispensable para formar junto a un arn\u00e9s de seguridad un sistema antica\u00eddas seguro. El conjunto\u00a0 absorbedor est\u00e1 concebido para la protecci\u00f3n durante la instalaci\u00f3n de andamios, ya que el dise\u00f1o de la banda de amarre antica\u00eddas en forma de Y permite al usuario estar conectado a la\u00a0 estructura en todo momento.<\/p>\n<p>El conjunto absorbedor de energ\u00eda Climax modelo 36 est\u00e1 fabricado con materiales altamente resistentes, capaces soportar las situaciones de trabajo m\u00e1s exigentes, asegurando en todo momento una perfecta protecci\u00f3n.<br \/>\nSe trata de un absorbedor de energ\u00eda formado por una banda de absorci\u00f3n y una banda de sujeci\u00f3n y amarre en forma de Y. La banda de absorci\u00f3n es una banda de color blanco formada por dos piezas textiles entretejidas, plegada y situada dentro de una funda de pl\u00e1stico transparente. En caso de ca\u00edda las costuras de uni\u00f3n entre las dos piezas textiles se desgarran de forma progresiva, absorbiendo as\u00ed energ\u00eda de la ca\u00edda. La banda de sujeci\u00f3n y amarre son dos cuerdas de poliamida torcida de tres cabos, fabricada seg\u00fan la Norma ISO 1140. Posee un di\u00e1metro de 14 mm y una gran resistencia a la tracci\u00f3n. La cuerda soporta una carga de rotura m\u00ednima de 32 KN. La cuerda posee adem\u00e1s un filamento rojo que ejerce la funci\u00f3n de testigo de desgaste.<br \/>\nLa banda de sujeci\u00f3n va rematada con dos conectores Climax modelo 30. El conjunto tiene una longitud total de 1.85 m, lo que permite una buena libertad de movimientos.<\/p>\n","protected":false},"excerpt":{"rendered":"<p>El conjunto absorbedor de energ\u00eda Climax modelo 36 constituye un componente indispensable para formar junto a un arn\u00e9s de seguridad un sistema antica\u00eddas seguro. El conjunto\u00a0 absorbedor est\u00e1 concebido para la protecci\u00f3n durante la instalaci\u00f3n de andamios, ya que el dise\u00f1o de la banda de amarre antica\u00eddas en forma de Y permite al usuario estar [&hellip;]<\/p>\n","protected":false},"featured_media":0,"template":"","meta":[],"product_brand":[148],"product_cat":[79,73],"product_tag":[],"class_list":{"0":"post-612","1":"product","2":"type-product","3":"status-publish","5":"product_brand-climax","6":"product_cat-accesorios-proteccion-contra-caidas","7":"product_cat-proteccion-contra-caidas","9":"first","10":"instock","11":"shipping-taxable","12":"product-type-simple"},"aioseo_notices":[],"jetpack_sharing_enabled":true,"_links":{"self":[{"href":"https:\/\/vitria.com.uy\/web\/wp-json\/wp\/v2\/product\/612","targetHints":{"allow":["GET"]}}],"collection":[{"href":"https:\/\/vitria.com.uy\/web\/wp-json\/wp\/v2\/product"}],"about":[{"href":"https:\/\/vitria.com.uy\/web\/wp-json\/wp\/v2\/types\/product"}],"version-history":[{"count":0,"href":"https:\/\/vitria.com.uy\/web\/wp-json\/wp\/v2\/product\/612\/revisions"}],"wp:attachment":[{"href":"https:\/\/vitria.com.uy\/web\/wp-json\/wp\/v2\/media?parent=612"}],"wp:term":[{"taxonomy":"product_brand","embeddable":true,"href":"https:\/\/vitria.com.uy\/web\/wp-json\/wp\/v2\/product_brand?post=612"},{"taxonomy":"product_cat","embeddable":true,"href":"https:\/\/vitria.com.uy\/web\/wp-json\/wp\/v2\/product_cat?post=612"},{"taxonomy":"product_tag","embeddable":true,"href":"https:\/\/vitria.com.uy\/web\/wp-json\/wp\/v2\/product_tag?post=612"}],"curies":[{"name":"wp","href":"https:\/\/api.w.org\/{rel}","templated":true}]}}