{"id":614,"date":"2025-12-15T00:44:23","date_gmt":"2025-12-14T23:44:23","guid":{"rendered":"https:\/\/vitria.com.uy\/web\/?post_type=product&#038;p=614"},"modified":"2025-12-15T00:45:15","modified_gmt":"2025-12-14T23:45:15","slug":"absorbedor-de-energia-energy-absorber-3","status":"publish","type":"product","link":"https:\/\/vitria.com.uy\/web\/producto\/absorbedor-de-energia-energy-absorber-3\/","title":{"rendered":"ABSORBEDOR DE ENERG\u00cdA ENERGY ABSORBER"},"content":{"rendered":"<p>El conjunto absorbedor modelo 37-A constituye un componente indispensable para formar un sistema antica\u00eddas seguro capaz de soportar las situaciones de trabajo m\u00e1s exigentes concebido<br \/>\npara unirse, mediante un conector apropiado a un arn\u00e9s antica\u00eddas, sin que sea necesario el uso de elementos de amarre, ya que el propio absorbedor lo lleva incorporado.<\/p>\n<p>Banda de absorci\u00f3n de energ\u00eda por desgarro.<br \/>\nElemento de amarre en formado por 1 cuerda trenzada de tres cabos con un di\u00e1metro de 14 mm.<br \/>\n1 conector mod. 30: Conector sim\u00e9trico con sistema de bloqueo manual con rosca.<\/p>\n<p>Carga de rotura m\u00ednima: 22 kN.<br \/>\nDi\u00e1metro abertura: 16 mm.<br \/>\n1 conector mod. 31: Conector direccional de acero.<br \/>\nBloqueo de seguridad autom\u00e1tico.<br \/>\nUtilizados para conectarlos a las estructuras de gran di\u00e1metro.<br \/>\nCarga de rotura m\u00ednima: 22kN.<br \/>\nDi\u00e1metro de abertura: 54 mm.<br \/>\nLa vida \u00fatil te\u00f3rica del equipo es de 10 a\u00f1os a partir de la fecha de fabricaci\u00f3n y 5 a\u00f1os a partir del primer uso.<br \/>\nLa longitud total del equipo es de 1\u201975 m.<br \/>\nPeso: 1,180 kg<\/p>\n","protected":false},"excerpt":{"rendered":"<p>El conjunto absorbedor modelo 37-A constituye un componente indispensable para formar un sistema antica\u00eddas seguro capaz de soportar las situaciones de trabajo m\u00e1s exigentes concebido para unirse, mediante un conector apropiado a un arn\u00e9s antica\u00eddas, sin que sea necesario el uso de elementos de amarre, ya que el propio absorbedor lo lleva incorporado. Banda de [&hellip;]<\/p>\n","protected":false},"featured_media":615,"template":"","meta":[],"product_brand":[148],"product_cat":[79,73],"product_tag":[],"class_list":{"0":"post-614","1":"product","2":"type-product","3":"status-publish","4":"has-post-thumbnail","6":"product_brand-climax","7":"product_cat-accesorios-proteccion-contra-caidas","8":"product_cat-proteccion-contra-caidas","10":"first","11":"instock","12":"shipping-taxable","13":"product-type-simple"},"aioseo_notices":[],"jetpack_sharing_enabled":true,"_links":{"self":[{"href":"https:\/\/vitria.com.uy\/web\/wp-json\/wp\/v2\/product\/614","targetHints":{"allow":["GET"]}}],"collection":[{"href":"https:\/\/vitria.com.uy\/web\/wp-json\/wp\/v2\/product"}],"about":[{"href":"https:\/\/vitria.com.uy\/web\/wp-json\/wp\/v2\/types\/product"}],"version-history":[{"count":0,"href":"https:\/\/vitria.com.uy\/web\/wp-json\/wp\/v2\/product\/614\/revisions"}],"wp:featuredmedia":[{"embeddable":true,"href":"https:\/\/vitria.com.uy\/web\/wp-json\/wp\/v2\/media\/615"}],"wp:attachment":[{"href":"https:\/\/vitria.com.uy\/web\/wp-json\/wp\/v2\/media?parent=614"}],"wp:term":[{"taxonomy":"product_brand","embeddable":true,"href":"https:\/\/vitria.com.uy\/web\/wp-json\/wp\/v2\/product_brand?post=614"},{"taxonomy":"product_cat","embeddable":true,"href":"https:\/\/vitria.com.uy\/web\/wp-json\/wp\/v2\/product_cat?post=614"},{"taxonomy":"product_tag","embeddable":true,"href":"https:\/\/vitria.com.uy\/web\/wp-json\/wp\/v2\/product_tag?post=614"}],"curies":[{"name":"wp","href":"https:\/\/api.w.org\/{rel}","templated":true}]}}