{"id":620,"date":"2025-12-15T01:03:34","date_gmt":"2025-12-15T00:03:34","guid":{"rendered":"https:\/\/vitria.com.uy\/web\/?post_type=product&#038;p=620"},"modified":"2025-12-15T01:28:35","modified_gmt":"2025-12-15T00:28:35","slug":"absorbedor-de-energia-energy-absorber-r51","status":"publish","type":"product","link":"https:\/\/vitria.com.uy\/web\/producto\/absorbedor-de-energia-energy-absorber-r51\/","title":{"rendered":"ABSORBEDOR DE ENERG\u00cdA ENERGY ABSORBER R51"},"content":{"rendered":"<p>El absorbedor de energ\u00eda modelo 51 constituye un componente indispensable para formar un sistema antica\u00eddas seguro capaz de soportar las situaciones de trabajo m\u00e1s exigentes concebido para unirse, mediante un conector apropiado a un arn\u00e9s antica\u00eddas, sin que sea necesario el uso de elementos de amarre, ya que el propio absorbedor lo lleva incorporado.<br \/>\nBanda de amarre: est\u00e1 fabricada con hilado de brasint\u00e9tica de ancho nominal de 35 mm. Su construcci\u00f3n es del tipo tubular en Y e incorpora un el\u00e1stico en el interior para evitar un alargamiento no deseado de la cinta. Absorbedor de energ\u00eda: banda de absorci\u00f3n de energ\u00eda por desgarro.<br \/>\n1 conector mod. 32: Conector direccional de acero.<br \/>\nBloqueador de seguridad autom\u00e1tico.<br \/>\nCarga de rotura m\u00ednima: 23 kN.<br \/>\nDi\u00e1metro abertura: 18 mm.<br \/>\n2 conectores mod. 31:<br \/>\nConector direccional de acero.<br \/>\nBloqueo de seguridad autom\u00e1tico. Utilizados para conectarlos a las estructuras de gran di\u00e1metro.<br \/>\nCarga de rotura m\u00ednima: 23 kN.<br \/>\nDi\u00e1metro de abertura: 51 mm.<br \/>\nLa vida \u00fatil te\u00f3rica del equipo es de 15 a\u00f1os a partir de la fecha de fabricaci\u00f3n para todos los equipos con componentes que sean textiles o pl\u00e1sticos.<br \/>\nLa longitud total del equipo es de 1\u201975 m.<br \/>\nPeso: 1,910 kg<\/p>\n","protected":false},"excerpt":{"rendered":"<p>El absorbedor de energ\u00eda modelo 51 constituye un componente indispensable para formar un sistema antica\u00eddas seguro capaz de soportar las situaciones de trabajo m\u00e1s exigentes concebido para unirse, mediante un conector apropiado a un arn\u00e9s antica\u00eddas, sin que sea necesario el uso de elementos de amarre, ya que el propio absorbedor lo lleva incorporado. Banda [&hellip;]<\/p>\n","protected":false},"featured_media":621,"template":"","meta":[],"product_brand":[148],"product_cat":[79,73],"product_tag":[],"class_list":{"0":"post-620","1":"product","2":"type-product","3":"status-publish","4":"has-post-thumbnail","6":"product_brand-climax","7":"product_cat-accesorios-proteccion-contra-caidas","8":"product_cat-proteccion-contra-caidas","10":"first","11":"instock","12":"shipping-taxable","13":"product-type-simple"},"aioseo_notices":[],"jetpack_sharing_enabled":true,"_links":{"self":[{"href":"https:\/\/vitria.com.uy\/web\/wp-json\/wp\/v2\/product\/620","targetHints":{"allow":["GET"]}}],"collection":[{"href":"https:\/\/vitria.com.uy\/web\/wp-json\/wp\/v2\/product"}],"about":[{"href":"https:\/\/vitria.com.uy\/web\/wp-json\/wp\/v2\/types\/product"}],"version-history":[{"count":0,"href":"https:\/\/vitria.com.uy\/web\/wp-json\/wp\/v2\/product\/620\/revisions"}],"wp:featuredmedia":[{"embeddable":true,"href":"https:\/\/vitria.com.uy\/web\/wp-json\/wp\/v2\/media\/621"}],"wp:attachment":[{"href":"https:\/\/vitria.com.uy\/web\/wp-json\/wp\/v2\/media?parent=620"}],"wp:term":[{"taxonomy":"product_brand","embeddable":true,"href":"https:\/\/vitria.com.uy\/web\/wp-json\/wp\/v2\/product_brand?post=620"},{"taxonomy":"product_cat","embeddable":true,"href":"https:\/\/vitria.com.uy\/web\/wp-json\/wp\/v2\/product_cat?post=620"},{"taxonomy":"product_tag","embeddable":true,"href":"https:\/\/vitria.com.uy\/web\/wp-json\/wp\/v2\/product_tag?post=620"}],"curies":[{"name":"wp","href":"https:\/\/api.w.org\/{rel}","templated":true}]}}