{"id":639,"date":"2025-12-20T16:18:18","date_gmt":"2025-12-20T15:18:18","guid":{"rendered":"https:\/\/vitria.com.uy\/web\/?post_type=product&#038;p=639"},"modified":"2025-12-20T16:18:18","modified_gmt":"2025-12-20T15:18:18","slug":"mosqueton-para-cinturon-de-seguridad-r30","status":"publish","type":"product","link":"https:\/\/vitria.com.uy\/web\/producto\/mosqueton-para-cinturon-de-seguridad-r30\/","title":{"rendered":"Mosquet\u00f3n para Cintur\u00f3n de Seguridad R30"},"content":{"rendered":"<p>CONECTOR 30<br \/>\nEN 362 CE<\/p>\n<p>Material: Aleaci\u00f3n de acero<br \/>\nDi\u00e1metro de abertura: 16 mm<br \/>\nPeso: 176 g<\/p>\n<p>Mosquet\u00f3n para Cintur\u00f3n de Seguridad<\/p>\n","protected":false},"excerpt":{"rendered":"<p>CONECTOR 30 EN 362 CE Material: Aleaci\u00f3n de acero Di\u00e1metro de abertura: 16 mm Peso: 176 g Mosquet\u00f3n para Cintur\u00f3n de Seguridad<\/p>\n","protected":false},"featured_media":642,"template":"","meta":[],"product_brand":[148],"product_cat":[77,73],"product_tag":[],"class_list":{"0":"post-639","1":"product","2":"type-product","3":"status-publish","4":"has-post-thumbnail","6":"product_brand-climax","7":"product_cat-conectores-y-anclajes","8":"product_cat-proteccion-contra-caidas","10":"first","11":"instock","12":"shipping-taxable","13":"product-type-simple"},"aioseo_notices":[],"jetpack_sharing_enabled":true,"_links":{"self":[{"href":"https:\/\/vitria.com.uy\/web\/wp-json\/wp\/v2\/product\/639","targetHints":{"allow":["GET"]}}],"collection":[{"href":"https:\/\/vitria.com.uy\/web\/wp-json\/wp\/v2\/product"}],"about":[{"href":"https:\/\/vitria.com.uy\/web\/wp-json\/wp\/v2\/types\/product"}],"version-history":[{"count":0,"href":"https:\/\/vitria.com.uy\/web\/wp-json\/wp\/v2\/product\/639\/revisions"}],"wp:featuredmedia":[{"embeddable":true,"href":"https:\/\/vitria.com.uy\/web\/wp-json\/wp\/v2\/media\/642"}],"wp:attachment":[{"href":"https:\/\/vitria.com.uy\/web\/wp-json\/wp\/v2\/media?parent=639"}],"wp:term":[{"taxonomy":"product_brand","embeddable":true,"href":"https:\/\/vitria.com.uy\/web\/wp-json\/wp\/v2\/product_brand?post=639"},{"taxonomy":"product_cat","embeddable":true,"href":"https:\/\/vitria.com.uy\/web\/wp-json\/wp\/v2\/product_cat?post=639"},{"taxonomy":"product_tag","embeddable":true,"href":"https:\/\/vitria.com.uy\/web\/wp-json\/wp\/v2\/product_tag?post=639"}],"curies":[{"name":"wp","href":"https:\/\/api.w.org\/{rel}","templated":true}]}}