{"id":647,"date":"2025-12-20T16:25:15","date_gmt":"2025-12-20T15:25:15","guid":{"rendered":"https:\/\/vitria.com.uy\/web\/?post_type=product&#038;p=647"},"modified":"2025-12-20T16:25:15","modified_gmt":"2025-12-20T15:25:15","slug":"mosqueton-para-cinturon-de-seguridad-tipo-d-en-aluminio-pcx-002","status":"publish","type":"product","link":"https:\/\/vitria.com.uy\/web\/producto\/mosqueton-para-cinturon-de-seguridad-tipo-d-en-aluminio-pcx-002\/","title":{"rendered":"Mosquet\u00f3n para Cintur\u00f3n de Seguridad Tipo D en aluminio PCX-002"},"content":{"rendered":"<p>CONECTOR PCX 002<br \/>\nConector con cierre autom\u00e1tico en forma de pera con sistema debloqueo autom\u00e1tico ideal para manipulaciones frecuentes.Desbloqueo r\u00e1pido en 2 tiempos: empujar y hacer girar el casquillo de seguridad.<br \/>\nMaterial: Aluminio<br \/>\nDi\u00e1metro de abertura: 19 mm<br \/>\nPeso: 82 g<br \/>\nCarga de rotura m\u00ednima: 23 kN<\/p>\n<p>Normas: EN 362:2004<br \/>\nReglamento (UE) 2016\/425<br \/>\nOrganismo de control N\u00ba 0161<\/p>\n","protected":false},"excerpt":{"rendered":"<p>CONECTOR PCX 002 Conector con cierre autom\u00e1tico en forma de pera con sistema debloqueo autom\u00e1tico ideal para manipulaciones frecuentes.Desbloqueo r\u00e1pido en 2 tiempos: empujar y hacer girar el casquillo de seguridad. Material: Aluminio Di\u00e1metro de abertura: 19 mm Peso: 82 g Carga de rotura m\u00ednima: 23 kN Normas: EN 362:2004 Reglamento (UE) 2016\/425 Organismo de [&hellip;]<\/p>\n","protected":false},"featured_media":648,"template":"","meta":[],"product_brand":[148],"product_cat":[77,73],"product_tag":[],"class_list":{"0":"post-647","1":"product","2":"type-product","3":"status-publish","4":"has-post-thumbnail","6":"product_brand-climax","7":"product_cat-conectores-y-anclajes","8":"product_cat-proteccion-contra-caidas","10":"first","11":"instock","12":"shipping-taxable","13":"product-type-simple"},"aioseo_notices":[],"jetpack_sharing_enabled":true,"_links":{"self":[{"href":"https:\/\/vitria.com.uy\/web\/wp-json\/wp\/v2\/product\/647","targetHints":{"allow":["GET"]}}],"collection":[{"href":"https:\/\/vitria.com.uy\/web\/wp-json\/wp\/v2\/product"}],"about":[{"href":"https:\/\/vitria.com.uy\/web\/wp-json\/wp\/v2\/types\/product"}],"version-history":[{"count":0,"href":"https:\/\/vitria.com.uy\/web\/wp-json\/wp\/v2\/product\/647\/revisions"}],"wp:featuredmedia":[{"embeddable":true,"href":"https:\/\/vitria.com.uy\/web\/wp-json\/wp\/v2\/media\/648"}],"wp:attachment":[{"href":"https:\/\/vitria.com.uy\/web\/wp-json\/wp\/v2\/media?parent=647"}],"wp:term":[{"taxonomy":"product_brand","embeddable":true,"href":"https:\/\/vitria.com.uy\/web\/wp-json\/wp\/v2\/product_brand?post=647"},{"taxonomy":"product_cat","embeddable":true,"href":"https:\/\/vitria.com.uy\/web\/wp-json\/wp\/v2\/product_cat?post=647"},{"taxonomy":"product_tag","embeddable":true,"href":"https:\/\/vitria.com.uy\/web\/wp-json\/wp\/v2\/product_tag?post=647"}],"curies":[{"name":"wp","href":"https:\/\/api.w.org\/{rel}","templated":true}]}}