{"id":684,"date":"2025-12-21T23:21:08","date_gmt":"2025-12-21T22:21:08","guid":{"rendered":"https:\/\/vitria.com.uy\/web\/?post_type=product&#038;p=684"},"modified":"2025-12-21T23:21:08","modified_gmt":"2025-12-21T22:21:08","slug":"linea-de-vida-cuerda-semiestatica-11mm","status":"publish","type":"product","link":"https:\/\/vitria.com.uy\/web\/producto\/linea-de-vida-cuerda-semiestatica-11mm\/","title":{"rendered":"L\u00ednea de Vida (Cuerda) Semi\u00e9statica 11mm"},"content":{"rendered":"<p>CUERDA SEMIEST\u00c1TICA<br \/>\nEN 1891 CE<\/p>\n<p>Material: Poliamida<br \/>\nAcabados: Bucle cosido para anclaje, nudos terminales o corte<br \/>\nClase: A<\/p>\n","protected":false},"excerpt":{"rendered":"<p>CUERDA SEMIEST\u00c1TICA EN 1891 CE Material: Poliamida Acabados: Bucle cosido para anclaje, nudos terminales o corte Clase: A<\/p>\n","protected":false},"featured_media":687,"template":"","meta":[],"product_brand":[148],"product_cat":[79,77,73],"product_tag":[],"class_list":{"0":"post-684","1":"product","2":"type-product","3":"status-publish","4":"has-post-thumbnail","6":"product_brand-climax","7":"product_cat-accesorios-proteccion-contra-caidas","8":"product_cat-conectores-y-anclajes","9":"product_cat-proteccion-contra-caidas","11":"first","12":"instock","13":"shipping-taxable","14":"product-type-simple"},"aioseo_notices":[],"jetpack_sharing_enabled":true,"_links":{"self":[{"href":"https:\/\/vitria.com.uy\/web\/wp-json\/wp\/v2\/product\/684","targetHints":{"allow":["GET"]}}],"collection":[{"href":"https:\/\/vitria.com.uy\/web\/wp-json\/wp\/v2\/product"}],"about":[{"href":"https:\/\/vitria.com.uy\/web\/wp-json\/wp\/v2\/types\/product"}],"version-history":[{"count":0,"href":"https:\/\/vitria.com.uy\/web\/wp-json\/wp\/v2\/product\/684\/revisions"}],"wp:featuredmedia":[{"embeddable":true,"href":"https:\/\/vitria.com.uy\/web\/wp-json\/wp\/v2\/media\/687"}],"wp:attachment":[{"href":"https:\/\/vitria.com.uy\/web\/wp-json\/wp\/v2\/media?parent=684"}],"wp:term":[{"taxonomy":"product_brand","embeddable":true,"href":"https:\/\/vitria.com.uy\/web\/wp-json\/wp\/v2\/product_brand?post=684"},{"taxonomy":"product_cat","embeddable":true,"href":"https:\/\/vitria.com.uy\/web\/wp-json\/wp\/v2\/product_cat?post=684"},{"taxonomy":"product_tag","embeddable":true,"href":"https:\/\/vitria.com.uy\/web\/wp-json\/wp\/v2\/product_tag?post=684"}],"curies":[{"name":"wp","href":"https:\/\/api.w.org\/{rel}","templated":true}]}}