{"id":927,"date":"2026-02-08T21:06:08","date_gmt":"2026-02-08T20:06:08","guid":{"rendered":"https:\/\/vitria.com.uy\/web\/?post_type=product&#038;p=927"},"modified":"2026-02-08T22:51:39","modified_gmt":"2026-02-08T21:51:39","slug":"dispositivo-retractil-25mts-con-absorvedor","status":"publish","type":"product","link":"https:\/\/vitria.com.uy\/web\/producto\/dispositivo-retractil-25mts-con-absorvedor\/","title":{"rendered":"Dispositivo Retractil 2,5mts con absorvedor"},"content":{"rendered":"<p>EN 360 CE<\/p>\n<p>Dispositivo antica\u00eddas retr\u00e1ctil.<br \/>\nDispone de absorbedor de energ\u00eda integrado.<br \/>\nSe suministra con 2 conectores Climax 30.<br \/>\nPeso: 1,075 Kg<br \/>\nCarga de trabajo: 100 Kg<\/p>\n","protected":false},"excerpt":{"rendered":"<p>EN 360 CE Dispositivo antica\u00eddas retr\u00e1ctil. Dispone de absorbedor de energ\u00eda integrado. Se suministra con 2 conectores Climax 30. Peso: 1,075 Kg Carga de trabajo: 100 Kg<\/p>\n","protected":false},"featured_media":931,"template":"","meta":[],"product_brand":[148],"product_cat":[79,73],"product_tag":[],"class_list":{"0":"post-927","1":"product","2":"type-product","3":"status-publish","4":"has-post-thumbnail","6":"product_brand-climax","7":"product_cat-accesorios-proteccion-contra-caidas","8":"product_cat-proteccion-contra-caidas","10":"first","11":"instock","12":"shipping-taxable","13":"product-type-simple"},"aioseo_notices":[],"jetpack_sharing_enabled":true,"_links":{"self":[{"href":"https:\/\/vitria.com.uy\/web\/wp-json\/wp\/v2\/product\/927","targetHints":{"allow":["GET"]}}],"collection":[{"href":"https:\/\/vitria.com.uy\/web\/wp-json\/wp\/v2\/product"}],"about":[{"href":"https:\/\/vitria.com.uy\/web\/wp-json\/wp\/v2\/types\/product"}],"version-history":[{"count":1,"href":"https:\/\/vitria.com.uy\/web\/wp-json\/wp\/v2\/product\/927\/revisions"}],"predecessor-version":[{"id":933,"href":"https:\/\/vitria.com.uy\/web\/wp-json\/wp\/v2\/product\/927\/revisions\/933"}],"wp:featuredmedia":[{"embeddable":true,"href":"https:\/\/vitria.com.uy\/web\/wp-json\/wp\/v2\/media\/931"}],"wp:attachment":[{"href":"https:\/\/vitria.com.uy\/web\/wp-json\/wp\/v2\/media?parent=927"}],"wp:term":[{"taxonomy":"product_brand","embeddable":true,"href":"https:\/\/vitria.com.uy\/web\/wp-json\/wp\/v2\/product_brand?post=927"},{"taxonomy":"product_cat","embeddable":true,"href":"https:\/\/vitria.com.uy\/web\/wp-json\/wp\/v2\/product_cat?post=927"},{"taxonomy":"product_tag","embeddable":true,"href":"https:\/\/vitria.com.uy\/web\/wp-json\/wp\/v2\/product_tag?post=927"}],"curies":[{"name":"wp","href":"https:\/\/api.w.org\/{rel}","templated":true}]}}