{"id":934,"date":"2026-02-08T21:10:30","date_gmt":"2026-02-08T20:10:30","guid":{"rendered":"https:\/\/vitria.com.uy\/web\/?post_type=product&#038;p=934"},"modified":"2026-02-08T22:51:13","modified_gmt":"2026-02-08T21:51:13","slug":"linea-vida-horizont-complet","status":"publish","type":"product","link":"https:\/\/vitria.com.uy\/web\/producto\/linea-vida-horizont-complet\/","title":{"rendered":"LINEA VIDA HORIZONT COMPLET"},"content":{"rendered":"<ul>\n<li>Fabricada en cinta de poli\u00e9ster de 35 mm<\/li>\n<li>Longitud m\u00e1xima: 20 m<\/li>\n<li>Usuarios: 2<\/li>\n<li>Flecha m\u00e1x: 1 m<\/li>\n<li>Material: Poli\u00e9ster<\/li>\n<li>Incluye:\n<ul>\n<li>2 anillos de instalaci\u00f3n<\/li>\n<li>1 bolsa PVC<\/li>\n<li>2 conectores KH Giro<\/li>\n<li>El equipo incorpora una bolsa para recoger la cinta que no se utiliza y para proteger al ratchet de agentes externos.<\/li>\n<\/ul>\n<\/li>\n<li>Los conectores de extremidad son giratorios para facilitar el desenrollado.<\/li>\n<li>Cumple con la normativa\u00a0EN 795 CLASE B<\/li>\n<\/ul>\n","protected":false},"excerpt":{"rendered":"<p>Fabricada en cinta de poli\u00e9ster de 35 mm Longitud m\u00e1xima: 20 m Usuarios: 2 Flecha m\u00e1x: 1 m Material: Poli\u00e9ster Incluye: 2 anillos de instalaci\u00f3n 1 bolsa PVC 2 conectores KH Giro El equipo incorpora una bolsa para recoger la cinta que no se utiliza y para proteger al ratchet de agentes externos. Los conectores [&hellip;]<\/p>\n","protected":false},"featured_media":937,"template":"","meta":[],"product_brand":[148],"product_cat":[79,73],"product_tag":[],"class_list":{"0":"post-934","1":"product","2":"type-product","3":"status-publish","4":"has-post-thumbnail","6":"product_brand-climax","7":"product_cat-accesorios-proteccion-contra-caidas","8":"product_cat-proteccion-contra-caidas","10":"first","11":"instock","12":"shipping-taxable","13":"product-type-simple"},"aioseo_notices":[],"jetpack_sharing_enabled":true,"_links":{"self":[{"href":"https:\/\/vitria.com.uy\/web\/wp-json\/wp\/v2\/product\/934","targetHints":{"allow":["GET"]}}],"collection":[{"href":"https:\/\/vitria.com.uy\/web\/wp-json\/wp\/v2\/product"}],"about":[{"href":"https:\/\/vitria.com.uy\/web\/wp-json\/wp\/v2\/types\/product"}],"version-history":[{"count":1,"href":"https:\/\/vitria.com.uy\/web\/wp-json\/wp\/v2\/product\/934\/revisions"}],"predecessor-version":[{"id":939,"href":"https:\/\/vitria.com.uy\/web\/wp-json\/wp\/v2\/product\/934\/revisions\/939"}],"wp:featuredmedia":[{"embeddable":true,"href":"https:\/\/vitria.com.uy\/web\/wp-json\/wp\/v2\/media\/937"}],"wp:attachment":[{"href":"https:\/\/vitria.com.uy\/web\/wp-json\/wp\/v2\/media?parent=934"}],"wp:term":[{"taxonomy":"product_brand","embeddable":true,"href":"https:\/\/vitria.com.uy\/web\/wp-json\/wp\/v2\/product_brand?post=934"},{"taxonomy":"product_cat","embeddable":true,"href":"https:\/\/vitria.com.uy\/web\/wp-json\/wp\/v2\/product_cat?post=934"},{"taxonomy":"product_tag","embeddable":true,"href":"https:\/\/vitria.com.uy\/web\/wp-json\/wp\/v2\/product_tag?post=934"}],"curies":[{"name":"wp","href":"https:\/\/api.w.org\/{rel}","templated":true}]}}