{"id":940,"date":"2026-02-08T21:14:12","date_gmt":"2026-02-08T20:14:12","guid":{"rendered":"https:\/\/vitria.com.uy\/web\/?post_type=product&#038;p=940"},"modified":"2026-02-08T22:51:48","modified_gmt":"2026-02-08T21:51:48","slug":"dispositivo-retractil-cinta-6m","status":"publish","type":"product","link":"https:\/\/vitria.com.uy\/web\/producto\/dispositivo-retractil-cinta-6m\/","title":{"rendered":"DISPOSITIVO RETR\u00c1CTIL CINTA 6M"},"content":{"rendered":"<p>El dispositivo antica\u00eddas retr\u00e1ctil modelo \u201cClimax 6 M\u201d\u00a0es un dispositivo provisto de frenado autom\u00e1tico por inercia. Permite el desplazamiento del usuario en una\u00a0amplia zona de trabajo ofreci\u00e9ndole protecci\u00f3n contra eventuales ca\u00eddas de altura. Est\u00e1 compuesto por:<\/p>\n<ul>\n<li>Conector Climax 30<\/li>\n<li>Conector Climax KH-GIRO: Conector giratorio de\u00a0bloqueo autom\u00e1tico. Di\u00e1metro de apertura de 19 m.<br \/>\nPreviene los nudos sobre la cuerda.<\/li>\n<li>Dispositivo antica\u00eddas en cinta de 20 mm de ancho.<\/li>\n<li>Carcasa en poliamida con fibra de vidrio<\/li>\n<li>Elemento de amarre a partir de cinta de poliamida de\u00a020 mm de ancho nominal. Longitud: 6 metros<\/li>\n<li>Peso: 2,75 Kg<\/li>\n<li>Carga de trabajo: 140 Kg<\/li>\n<li>EN 360 CE<\/li>\n<\/ul>\n","protected":false},"excerpt":{"rendered":"<p>El dispositivo antica\u00eddas retr\u00e1ctil modelo \u201cClimax 6 M\u201d\u00a0es un dispositivo provisto de frenado autom\u00e1tico por inercia. Permite el desplazamiento del usuario en una\u00a0amplia zona de trabajo ofreci\u00e9ndole protecci\u00f3n contra eventuales ca\u00eddas de altura. Est\u00e1 compuesto por: Conector Climax 30 Conector Climax KH-GIRO: Conector giratorio de\u00a0bloqueo autom\u00e1tico. Di\u00e1metro de apertura de 19 m. Previene los nudos [&hellip;]<\/p>\n","protected":false},"featured_media":943,"template":"","meta":[],"product_brand":[148],"product_cat":[79,73],"product_tag":[],"class_list":{"0":"post-940","1":"product","2":"type-product","3":"status-publish","4":"has-post-thumbnail","6":"product_brand-climax","7":"product_cat-accesorios-proteccion-contra-caidas","8":"product_cat-proteccion-contra-caidas","10":"first","11":"instock","12":"shipping-taxable","13":"product-type-simple"},"aioseo_notices":[],"jetpack_sharing_enabled":true,"_links":{"self":[{"href":"https:\/\/vitria.com.uy\/web\/wp-json\/wp\/v2\/product\/940","targetHints":{"allow":["GET"]}}],"collection":[{"href":"https:\/\/vitria.com.uy\/web\/wp-json\/wp\/v2\/product"}],"about":[{"href":"https:\/\/vitria.com.uy\/web\/wp-json\/wp\/v2\/types\/product"}],"version-history":[{"count":1,"href":"https:\/\/vitria.com.uy\/web\/wp-json\/wp\/v2\/product\/940\/revisions"}],"predecessor-version":[{"id":944,"href":"https:\/\/vitria.com.uy\/web\/wp-json\/wp\/v2\/product\/940\/revisions\/944"}],"wp:featuredmedia":[{"embeddable":true,"href":"https:\/\/vitria.com.uy\/web\/wp-json\/wp\/v2\/media\/943"}],"wp:attachment":[{"href":"https:\/\/vitria.com.uy\/web\/wp-json\/wp\/v2\/media?parent=940"}],"wp:term":[{"taxonomy":"product_brand","embeddable":true,"href":"https:\/\/vitria.com.uy\/web\/wp-json\/wp\/v2\/product_brand?post=940"},{"taxonomy":"product_cat","embeddable":true,"href":"https:\/\/vitria.com.uy\/web\/wp-json\/wp\/v2\/product_cat?post=940"},{"taxonomy":"product_tag","embeddable":true,"href":"https:\/\/vitria.com.uy\/web\/wp-json\/wp\/v2\/product_tag?post=940"}],"curies":[{"name":"wp","href":"https:\/\/api.w.org\/{rel}","templated":true}]}}