{"id":949,"date":"2026-02-08T21:24:49","date_gmt":"2026-02-08T20:24:49","guid":{"rendered":"https:\/\/vitria.com.uy\/web\/?post_type=product&#038;p=949"},"modified":"2026-02-08T22:50:55","modified_gmt":"2026-02-08T21:50:55","slug":"linea-de-vida-horizontal-temporal-regulable-hasta-20-mts","status":"publish","type":"product","link":"https:\/\/vitria.com.uy\/web\/producto\/linea-de-vida-horizontal-temporal-regulable-hasta-20-mts\/","title":{"rendered":"Linea de Vida Horizontal Temporal Regulable hasta 20 mts"},"content":{"rendered":"<ul>\n<li>Fabricada en cinta de poli\u00e9ster de 35 mm<\/li>\n<li>Longitud m\u00e1xima: 20 m<\/li>\n<li>Usuarios: 2<\/li>\n<li>Flecha m\u00e1x: 1 m<\/li>\n<li>Material: Poli\u00e9ster<\/li>\n<li>Disponible en dos versiones:\n<ul>\n<li>con 2 conectores Climax 30<\/li>\n<li>sin conectores<\/li>\n<\/ul>\n<\/li>\n<li>Cumple con la normativa EN 795:2012+CENT\/TS 16415:2013<\/li>\n<\/ul>\n","protected":false},"excerpt":{"rendered":"<p>Fabricada en cinta de poli\u00e9ster de 35 mm Longitud m\u00e1xima: 20 m Usuarios: 2 Flecha m\u00e1x: 1 m Material: Poli\u00e9ster Disponible en dos versiones: con 2 conectores Climax 30 sin conectores Cumple con la normativa EN 795:2012+CENT\/TS 16415:2013<\/p>\n","protected":false},"featured_media":952,"template":"","meta":[],"product_brand":[148],"product_cat":[79,76,77,73],"product_tag":[],"class_list":{"0":"post-949","1":"product","2":"type-product","3":"status-publish","4":"has-post-thumbnail","6":"product_brand-climax","7":"product_cat-accesorios-proteccion-contra-caidas","8":"product_cat-cabo-de-vida","9":"product_cat-conectores-y-anclajes","10":"product_cat-proteccion-contra-caidas","12":"first","13":"instock","14":"shipping-taxable","15":"product-type-simple"},"aioseo_notices":[],"jetpack_sharing_enabled":true,"_links":{"self":[{"href":"https:\/\/vitria.com.uy\/web\/wp-json\/wp\/v2\/product\/949","targetHints":{"allow":["GET"]}}],"collection":[{"href":"https:\/\/vitria.com.uy\/web\/wp-json\/wp\/v2\/product"}],"about":[{"href":"https:\/\/vitria.com.uy\/web\/wp-json\/wp\/v2\/types\/product"}],"version-history":[{"count":1,"href":"https:\/\/vitria.com.uy\/web\/wp-json\/wp\/v2\/product\/949\/revisions"}],"predecessor-version":[{"id":953,"href":"https:\/\/vitria.com.uy\/web\/wp-json\/wp\/v2\/product\/949\/revisions\/953"}],"wp:featuredmedia":[{"embeddable":true,"href":"https:\/\/vitria.com.uy\/web\/wp-json\/wp\/v2\/media\/952"}],"wp:attachment":[{"href":"https:\/\/vitria.com.uy\/web\/wp-json\/wp\/v2\/media?parent=949"}],"wp:term":[{"taxonomy":"product_brand","embeddable":true,"href":"https:\/\/vitria.com.uy\/web\/wp-json\/wp\/v2\/product_brand?post=949"},{"taxonomy":"product_cat","embeddable":true,"href":"https:\/\/vitria.com.uy\/web\/wp-json\/wp\/v2\/product_cat?post=949"},{"taxonomy":"product_tag","embeddable":true,"href":"https:\/\/vitria.com.uy\/web\/wp-json\/wp\/v2\/product_tag?post=949"}],"curies":[{"name":"wp","href":"https:\/\/api.w.org\/{rel}","templated":true}]}}