{"id":954,"date":"2026-02-08T21:30:04","date_gmt":"2026-02-08T20:30:04","guid":{"rendered":"https:\/\/vitria.com.uy\/web\/?post_type=product&#038;p=954"},"modified":"2026-02-08T22:50:05","modified_gmt":"2026-02-08T21:50:05","slug":"triangulo-para-rescate","status":"publish","type":"product","link":"https:\/\/vitria.com.uy\/web\/producto\/triangulo-para-rescate\/","title":{"rendered":"Tri\u00e1ngulo para Rescate"},"content":{"rendered":"<p>Rescates y operaciones de evacuaci\u00f3n de corta duraci\u00f3n<\/p>\n<p>Material: PVC<br \/>\nIncorpora 3 hebillas D met\u00e1licas.<\/p>\n","protected":false},"excerpt":{"rendered":"<p>Rescates y operaciones de evacuaci\u00f3n de corta duraci\u00f3n Material: PVC Incorpora 3 hebillas D met\u00e1licas.<\/p>\n","protected":false},"featured_media":955,"template":"","meta":[],"product_brand":[148],"product_cat":[79,120,73,78],"product_tag":[],"class_list":{"0":"post-954","1":"product","2":"type-product","3":"status-publish","4":"has-post-thumbnail","6":"product_brand-climax","7":"product_cat-accesorios-proteccion-contra-caidas","8":"product_cat-emergencia-y-rescate","9":"product_cat-proteccion-contra-caidas","10":"product_cat-rescate-descenso-suspencion","12":"first","13":"instock","14":"shipping-taxable","15":"product-type-simple"},"aioseo_notices":[],"jetpack_sharing_enabled":true,"_links":{"self":[{"href":"https:\/\/vitria.com.uy\/web\/wp-json\/wp\/v2\/product\/954","targetHints":{"allow":["GET"]}}],"collection":[{"href":"https:\/\/vitria.com.uy\/web\/wp-json\/wp\/v2\/product"}],"about":[{"href":"https:\/\/vitria.com.uy\/web\/wp-json\/wp\/v2\/types\/product"}],"version-history":[{"count":1,"href":"https:\/\/vitria.com.uy\/web\/wp-json\/wp\/v2\/product\/954\/revisions"}],"predecessor-version":[{"id":958,"href":"https:\/\/vitria.com.uy\/web\/wp-json\/wp\/v2\/product\/954\/revisions\/958"}],"wp:featuredmedia":[{"embeddable":true,"href":"https:\/\/vitria.com.uy\/web\/wp-json\/wp\/v2\/media\/955"}],"wp:attachment":[{"href":"https:\/\/vitria.com.uy\/web\/wp-json\/wp\/v2\/media?parent=954"}],"wp:term":[{"taxonomy":"product_brand","embeddable":true,"href":"https:\/\/vitria.com.uy\/web\/wp-json\/wp\/v2\/product_brand?post=954"},{"taxonomy":"product_cat","embeddable":true,"href":"https:\/\/vitria.com.uy\/web\/wp-json\/wp\/v2\/product_cat?post=954"},{"taxonomy":"product_tag","embeddable":true,"href":"https:\/\/vitria.com.uy\/web\/wp-json\/wp\/v2\/product_tag?post=954"}],"curies":[{"name":"wp","href":"https:\/\/api.w.org\/{rel}","templated":true}]}}