{"id":959,"date":"2026-02-08T21:34:26","date_gmt":"2026-02-08T20:34:26","guid":{"rendered":"https:\/\/vitria.com.uy\/web\/?post_type=product&#038;p=959"},"modified":"2026-02-08T22:49:50","modified_gmt":"2026-02-08T21:49:50","slug":"arnes-de-seguridad-de-extraccion-y-rescate","status":"publish","type":"product","link":"https:\/\/vitria.com.uy\/web\/producto\/arnes-de-seguridad-de-extraccion-y-rescate\/","title":{"rendered":"Arn\u00e9s de Seguridad de Extracci\u00f3n y Rescate"},"content":{"rendered":"<p>Arn\u00e9s de extracci\u00f3n,cpo,compl,3 ptos.anclajes \u00abCLIMAX\u00bb<\/p>\n<p>Incorpora dos hebillas regulables en pecho y piernas. Cintas de poli\u00e9ster de 45 mm.<\/p>\n<p>Punto de enganche antica\u00eddas frontal compuesto por dos gazas<\/p>\n","protected":false},"excerpt":{"rendered":"<p>Arn\u00e9s de extracci\u00f3n,cpo,compl,3 ptos.anclajes \u00abCLIMAX\u00bb Incorpora dos hebillas regulables en pecho y piernas. Cintas de poli\u00e9ster de 45 mm. Punto de enganche antica\u00eddas frontal compuesto por dos gazas<\/p>\n","protected":false},"featured_media":961,"template":"","meta":[],"product_brand":[148],"product_cat":[74,120,78],"product_tag":[],"class_list":{"0":"post-959","1":"product","2":"type-product","3":"status-publish","4":"has-post-thumbnail","6":"product_brand-climax","7":"product_cat-arneses","8":"product_cat-emergencia-y-rescate","9":"product_cat-rescate-descenso-suspencion","11":"first","12":"instock","13":"shipping-taxable","14":"product-type-simple"},"aioseo_notices":[],"jetpack_sharing_enabled":true,"_links":{"self":[{"href":"https:\/\/vitria.com.uy\/web\/wp-json\/wp\/v2\/product\/959","targetHints":{"allow":["GET"]}}],"collection":[{"href":"https:\/\/vitria.com.uy\/web\/wp-json\/wp\/v2\/product"}],"about":[{"href":"https:\/\/vitria.com.uy\/web\/wp-json\/wp\/v2\/types\/product"}],"version-history":[{"count":1,"href":"https:\/\/vitria.com.uy\/web\/wp-json\/wp\/v2\/product\/959\/revisions"}],"predecessor-version":[{"id":962,"href":"https:\/\/vitria.com.uy\/web\/wp-json\/wp\/v2\/product\/959\/revisions\/962"}],"wp:featuredmedia":[{"embeddable":true,"href":"https:\/\/vitria.com.uy\/web\/wp-json\/wp\/v2\/media\/961"}],"wp:attachment":[{"href":"https:\/\/vitria.com.uy\/web\/wp-json\/wp\/v2\/media?parent=959"}],"wp:term":[{"taxonomy":"product_brand","embeddable":true,"href":"https:\/\/vitria.com.uy\/web\/wp-json\/wp\/v2\/product_brand?post=959"},{"taxonomy":"product_cat","embeddable":true,"href":"https:\/\/vitria.com.uy\/web\/wp-json\/wp\/v2\/product_cat?post=959"},{"taxonomy":"product_tag","embeddable":true,"href":"https:\/\/vitria.com.uy\/web\/wp-json\/wp\/v2\/product_tag?post=959"}],"curies":[{"name":"wp","href":"https:\/\/api.w.org\/{rel}","templated":true}]}}