{"id":963,"date":"2026-02-08T21:41:59","date_gmt":"2026-02-08T20:41:59","guid":{"rendered":"https:\/\/vitria.com.uy\/web\/?post_type=product&#038;p=963"},"modified":"2026-02-08T22:49:40","modified_gmt":"2026-02-08T21:49:40","slug":"faja-lumbar-con-tiradores-regulables-y-4-ballenas","status":"publish","type":"product","link":"https:\/\/vitria.com.uy\/web\/producto\/faja-lumbar-con-tiradores-regulables-y-4-ballenas\/","title":{"rendered":"Faja Lumbar con tiradores regulables y 4 ballenas"},"content":{"rendered":"<p>Fabricada de poli\u00e9ster y elastano<\/p>\n<p>Cintur\u00f3n de soporte abdominal con fijaci\u00f3n hook and loop<\/p>\n<p>Flexibles para mayor comodidad<\/p>\n<p>4 Varillas para soporte lumbar y tirantes ajustables<\/p>\n<p>Ideal para mover a cargar objetos pesados<\/p>\n","protected":false},"excerpt":{"rendered":"<p>Fabricada de poli\u00e9ster y elastano Cintur\u00f3n de soporte abdominal con fijaci\u00f3n hook and loop Flexibles para mayor comodidad 4 Varillas para soporte lumbar y tirantes ajustables Ideal para mover a cargar objetos pesados<\/p>\n","protected":false},"featured_media":967,"template":"","meta":[],"product_brand":[150],"product_cat":[113],"product_tag":[],"class_list":{"0":"post-963","1":"product","2":"type-product","3":"status-publish","4":"has-post-thumbnail","6":"product_brand-truper","7":"product_cat-faja-lumbar","9":"first","10":"instock","11":"shipping-taxable","12":"product-type-simple"},"aioseo_notices":[],"jetpack_sharing_enabled":true,"_links":{"self":[{"href":"https:\/\/vitria.com.uy\/web\/wp-json\/wp\/v2\/product\/963","targetHints":{"allow":["GET"]}}],"collection":[{"href":"https:\/\/vitria.com.uy\/web\/wp-json\/wp\/v2\/product"}],"about":[{"href":"https:\/\/vitria.com.uy\/web\/wp-json\/wp\/v2\/types\/product"}],"version-history":[{"count":1,"href":"https:\/\/vitria.com.uy\/web\/wp-json\/wp\/v2\/product\/963\/revisions"}],"predecessor-version":[{"id":971,"href":"https:\/\/vitria.com.uy\/web\/wp-json\/wp\/v2\/product\/963\/revisions\/971"}],"wp:featuredmedia":[{"embeddable":true,"href":"https:\/\/vitria.com.uy\/web\/wp-json\/wp\/v2\/media\/967"}],"wp:attachment":[{"href":"https:\/\/vitria.com.uy\/web\/wp-json\/wp\/v2\/media?parent=963"}],"wp:term":[{"taxonomy":"product_brand","embeddable":true,"href":"https:\/\/vitria.com.uy\/web\/wp-json\/wp\/v2\/product_brand?post=963"},{"taxonomy":"product_cat","embeddable":true,"href":"https:\/\/vitria.com.uy\/web\/wp-json\/wp\/v2\/product_cat?post=963"},{"taxonomy":"product_tag","embeddable":true,"href":"https:\/\/vitria.com.uy\/web\/wp-json\/wp\/v2\/product_tag?post=963"}],"curies":[{"name":"wp","href":"https:\/\/api.w.org\/{rel}","templated":true}]}}