{"id":972,"date":"2026-02-08T21:47:59","date_gmt":"2026-02-08T20:47:59","guid":{"rendered":"https:\/\/vitria.com.uy\/web\/?post_type=product&#038;p=972"},"modified":"2026-02-08T22:49:28","modified_gmt":"2026-02-08T21:49:28","slug":"faja-lumbar-con-tercer-cinturon-talla-g","status":"publish","type":"product","link":"https:\/\/vitria.com.uy\/web\/producto\/faja-lumbar-con-tercer-cinturon-talla-g\/","title":{"rendered":"Faja lumbar con tercer cintur\u00f3n, talla G"},"content":{"rendered":"<p>Fabricada de poli\u00e9ster y elastano<\/p>\n<p>Faja de fijaci\u00f3n hook and loop con cintur\u00f3n ajustable para mayor soporte<\/p>\n<p>Flexible para mayor comodidad<\/p>\n<p>4 Varillas para soporte lumbar y tirantes ajustables<\/p>\n<p>Ideal para mover o cargar objetos pesados<\/p>\n","protected":false},"excerpt":{"rendered":"<p>Fabricada de poli\u00e9ster y elastano Faja de fijaci\u00f3n hook and loop con cintur\u00f3n ajustable para mayor soporte Flexible para mayor comodidad 4 Varillas para soporte lumbar y tirantes ajustables Ideal para mover o cargar objetos pesados<\/p>\n","protected":false},"featured_media":976,"template":"","meta":[],"product_brand":[150],"product_cat":[113],"product_tag":[],"class_list":{"0":"post-972","1":"product","2":"type-product","3":"status-publish","4":"has-post-thumbnail","6":"product_brand-truper","7":"product_cat-faja-lumbar","9":"first","10":"instock","11":"shipping-taxable","12":"product-type-simple"},"aioseo_notices":[],"jetpack_sharing_enabled":true,"_links":{"self":[{"href":"https:\/\/vitria.com.uy\/web\/wp-json\/wp\/v2\/product\/972","targetHints":{"allow":["GET"]}}],"collection":[{"href":"https:\/\/vitria.com.uy\/web\/wp-json\/wp\/v2\/product"}],"about":[{"href":"https:\/\/vitria.com.uy\/web\/wp-json\/wp\/v2\/types\/product"}],"version-history":[{"count":1,"href":"https:\/\/vitria.com.uy\/web\/wp-json\/wp\/v2\/product\/972\/revisions"}],"predecessor-version":[{"id":980,"href":"https:\/\/vitria.com.uy\/web\/wp-json\/wp\/v2\/product\/972\/revisions\/980"}],"wp:featuredmedia":[{"embeddable":true,"href":"https:\/\/vitria.com.uy\/web\/wp-json\/wp\/v2\/media\/976"}],"wp:attachment":[{"href":"https:\/\/vitria.com.uy\/web\/wp-json\/wp\/v2\/media?parent=972"}],"wp:term":[{"taxonomy":"product_brand","embeddable":true,"href":"https:\/\/vitria.com.uy\/web\/wp-json\/wp\/v2\/product_brand?post=972"},{"taxonomy":"product_cat","embeddable":true,"href":"https:\/\/vitria.com.uy\/web\/wp-json\/wp\/v2\/product_cat?post=972"},{"taxonomy":"product_tag","embeddable":true,"href":"https:\/\/vitria.com.uy\/web\/wp-json\/wp\/v2\/product_tag?post=972"}],"curies":[{"name":"wp","href":"https:\/\/api.w.org\/{rel}","templated":true}]}}