{"id":981,"date":"2026-02-08T21:52:22","date_gmt":"2026-02-08T20:52:22","guid":{"rendered":"https:\/\/vitria.com.uy\/web\/?post_type=product&#038;p=981"},"modified":"2026-02-08T22:49:16","modified_gmt":"2026-02-08T21:49:16","slug":"faja-lumbar-de-malla-transpirable-talla-xg","status":"publish","type":"product","link":"https:\/\/vitria.com.uy\/web\/producto\/faja-lumbar-de-malla-transpirable-talla-xg\/","title":{"rendered":"Faja lumbar de malla transpirable, talla XG"},"content":{"rendered":"<p>Fabricada de poli\u00e9ster y elastano<\/p>\n<p>Cintur\u00f3n de soporte abdominal con fijaci\u00f3n hook and loop<\/p>\n<p>Flexible para mayor comodidad<\/p>\n<p>5 Varillas para soporte lumbar y tirantes ajustable<\/p>\n<p>Malla el\u00e1stica transpirable para mayor frescura y confort<\/p>\n","protected":false},"excerpt":{"rendered":"<p>Fabricada de poli\u00e9ster y elastano Cintur\u00f3n de soporte abdominal con fijaci\u00f3n hook and loop Flexible para mayor comodidad 5 Varillas para soporte lumbar y tirantes ajustable Malla el\u00e1stica transpirable para mayor frescura y confort<\/p>\n","protected":false},"featured_media":984,"template":"","meta":[],"product_brand":[150],"product_cat":[113],"product_tag":[],"class_list":{"0":"post-981","1":"product","2":"type-product","3":"status-publish","4":"has-post-thumbnail","6":"product_brand-truper","7":"product_cat-faja-lumbar","9":"first","10":"instock","11":"shipping-taxable","12":"product-type-simple"},"aioseo_notices":[],"jetpack_sharing_enabled":true,"_links":{"self":[{"href":"https:\/\/vitria.com.uy\/web\/wp-json\/wp\/v2\/product\/981","targetHints":{"allow":["GET"]}}],"collection":[{"href":"https:\/\/vitria.com.uy\/web\/wp-json\/wp\/v2\/product"}],"about":[{"href":"https:\/\/vitria.com.uy\/web\/wp-json\/wp\/v2\/types\/product"}],"version-history":[{"count":1,"href":"https:\/\/vitria.com.uy\/web\/wp-json\/wp\/v2\/product\/981\/revisions"}],"predecessor-version":[{"id":988,"href":"https:\/\/vitria.com.uy\/web\/wp-json\/wp\/v2\/product\/981\/revisions\/988"}],"wp:featuredmedia":[{"embeddable":true,"href":"https:\/\/vitria.com.uy\/web\/wp-json\/wp\/v2\/media\/984"}],"wp:attachment":[{"href":"https:\/\/vitria.com.uy\/web\/wp-json\/wp\/v2\/media?parent=981"}],"wp:term":[{"taxonomy":"product_brand","embeddable":true,"href":"https:\/\/vitria.com.uy\/web\/wp-json\/wp\/v2\/product_brand?post=981"},{"taxonomy":"product_cat","embeddable":true,"href":"https:\/\/vitria.com.uy\/web\/wp-json\/wp\/v2\/product_cat?post=981"},{"taxonomy":"product_tag","embeddable":true,"href":"https:\/\/vitria.com.uy\/web\/wp-json\/wp\/v2\/product_tag?post=981"}],"curies":[{"name":"wp","href":"https:\/\/api.w.org\/{rel}","templated":true}]}}