{"id":989,"date":"2026-02-08T21:56:20","date_gmt":"2026-02-08T20:56:20","guid":{"rendered":"https:\/\/vitria.com.uy\/web\/?post_type=product&#038;p=989"},"modified":"2026-02-08T22:48:53","modified_gmt":"2026-02-08T21:48:53","slug":"faja-lumbar-tipo-cinturon-de-malla-transpirable-m","status":"publish","type":"product","link":"https:\/\/vitria.com.uy\/web\/producto\/faja-lumbar-tipo-cinturon-de-malla-transpirable-m\/","title":{"rendered":"Faja lumbar tipo cintur\u00f3n de malla transpirable, M"},"content":{"rendered":"<p>Fabricada de poli\u00e9ster y elastano<\/p>\n<p>Cintur\u00f3n de soporte abdominal con fijaci\u00f3n hook and loop<\/p>\n<p>Flexible para mayor comodidad<\/p>\n<p>3 Varillas para soporte lumbar<\/p>\n<p>Ideal para mover o cargar objetos pesados<\/p>\n","protected":false},"excerpt":{"rendered":"<p>Fabricada de poli\u00e9ster y elastano Cintur\u00f3n de soporte abdominal con fijaci\u00f3n hook and loop Flexible para mayor comodidad 3 Varillas para soporte lumbar Ideal para mover o cargar objetos pesados<\/p>\n","protected":false},"featured_media":990,"template":"","meta":[],"product_brand":[150],"product_cat":[113],"product_tag":[],"class_list":{"0":"post-989","1":"product","2":"type-product","3":"status-publish","4":"has-post-thumbnail","6":"product_brand-truper","7":"product_cat-faja-lumbar","9":"first","10":"instock","11":"shipping-taxable","12":"product-type-simple"},"aioseo_notices":[],"jetpack_sharing_enabled":true,"_links":{"self":[{"href":"https:\/\/vitria.com.uy\/web\/wp-json\/wp\/v2\/product\/989","targetHints":{"allow":["GET"]}}],"collection":[{"href":"https:\/\/vitria.com.uy\/web\/wp-json\/wp\/v2\/product"}],"about":[{"href":"https:\/\/vitria.com.uy\/web\/wp-json\/wp\/v2\/types\/product"}],"version-history":[{"count":1,"href":"https:\/\/vitria.com.uy\/web\/wp-json\/wp\/v2\/product\/989\/revisions"}],"predecessor-version":[{"id":996,"href":"https:\/\/vitria.com.uy\/web\/wp-json\/wp\/v2\/product\/989\/revisions\/996"}],"wp:featuredmedia":[{"embeddable":true,"href":"https:\/\/vitria.com.uy\/web\/wp-json\/wp\/v2\/media\/990"}],"wp:attachment":[{"href":"https:\/\/vitria.com.uy\/web\/wp-json\/wp\/v2\/media?parent=989"}],"wp:term":[{"taxonomy":"product_brand","embeddable":true,"href":"https:\/\/vitria.com.uy\/web\/wp-json\/wp\/v2\/product_brand?post=989"},{"taxonomy":"product_cat","embeddable":true,"href":"https:\/\/vitria.com.uy\/web\/wp-json\/wp\/v2\/product_cat?post=989"},{"taxonomy":"product_tag","embeddable":true,"href":"https:\/\/vitria.com.uy\/web\/wp-json\/wp\/v2\/product_tag?post=989"}],"curies":[{"name":"wp","href":"https:\/\/api.w.org\/{rel}","templated":true}]}}