{"id":997,"date":"2026-02-08T22:02:32","date_gmt":"2026-02-08T21:02:32","guid":{"rendered":"https:\/\/vitria.com.uy\/web\/?post_type=product&#038;p=997"},"modified":"2026-02-08T22:48:42","modified_gmt":"2026-02-08T21:48:42","slug":"guantes-de-pvc-juba-5735-9-coral-green","status":"publish","type":"product","link":"https:\/\/vitria.com.uy\/web\/producto\/guantes-de-pvc-juba-5735-9-coral-green\/","title":{"rendered":"Guantes de PVC Juba &#8211; 5735\/9 CORAL GREEN"},"content":{"rendered":"<p>PVC con acabado Coral tipo rugoso que ofrece un excelente agarre en situaciones secas, h\u00famedas y aceitosas.<\/p>\n<p>Ergon\u00f3mico y muy confortable.<\/p>\n<p>Totalmente estanco gracias al recubrimiento de PVC de doble capa.<\/p>\n<p>Excelente resistencia a la abrasi\u00f3n por lo que ofrece una gran durabilidad.<\/p>\n<p>Libre de ftalatos.<\/p>\n<p>La funci\u00f3n higienizante Sanitized\u00ae protege los guantes de la formaci\u00f3n de hongos, \u00e1caros y bacterias, evita los olores, proporciona una protecci\u00f3n duradera a los pol\u00edmeros y minimiza la irritaci\u00f3n de la piel.<\/p>\n<p>Para bacterias y hongos este guante tiene estanqueidad total seg\u00fan EN ISO 374-5:2016<\/p>\n<p>&nbsp;<\/p>\n<p>Guantes de trabajo recomendados para:<\/p>\n<p>Aplicaciones qu\u00edmicas.<\/p>\n<p>Industria pesquera.<\/p>\n<p>Industria petroqu\u00edmica.<\/p>\n<p>Pinturas.<\/p>\n<p>Uso agr\u00edcola.<\/p>\n<p>Industria aeroespacial.<\/p>\n<p>Limpieza industrial con agentes corrosivos<\/p>\n<p>&nbsp;<\/p>\n","protected":false},"excerpt":{"rendered":"<p>PVC con acabado Coral tipo rugoso que ofrece un excelente agarre en situaciones secas, h\u00famedas y aceitosas. Ergon\u00f3mico y muy confortable. Totalmente estanco gracias al recubrimiento de PVC de doble capa. Excelente resistencia a la abrasi\u00f3n por lo que ofrece una gran durabilidad. Libre de ftalatos. La funci\u00f3n higienizante Sanitized\u00ae protege los guantes de la [&hellip;]<\/p>\n","protected":false},"featured_media":1002,"template":"","meta":[],"product_brand":[158],"product_cat":[59,55],"product_tag":[],"class_list":{"0":"post-997","1":"product","2":"type-product","3":"status-publish","4":"has-post-thumbnail","6":"product_brand-juba","7":"product_cat-guantes-con-proteccion-a-quimicos","8":"product_cat-proteccion-de-manos","10":"first","11":"instock","12":"shipping-taxable","13":"product-type-simple"},"aioseo_notices":[],"jetpack_sharing_enabled":true,"_links":{"self":[{"href":"https:\/\/vitria.com.uy\/web\/wp-json\/wp\/v2\/product\/997","targetHints":{"allow":["GET"]}}],"collection":[{"href":"https:\/\/vitria.com.uy\/web\/wp-json\/wp\/v2\/product"}],"about":[{"href":"https:\/\/vitria.com.uy\/web\/wp-json\/wp\/v2\/types\/product"}],"version-history":[{"count":1,"href":"https:\/\/vitria.com.uy\/web\/wp-json\/wp\/v2\/product\/997\/revisions"}],"predecessor-version":[{"id":1003,"href":"https:\/\/vitria.com.uy\/web\/wp-json\/wp\/v2\/product\/997\/revisions\/1003"}],"wp:featuredmedia":[{"embeddable":true,"href":"https:\/\/vitria.com.uy\/web\/wp-json\/wp\/v2\/media\/1002"}],"wp:attachment":[{"href":"https:\/\/vitria.com.uy\/web\/wp-json\/wp\/v2\/media?parent=997"}],"wp:term":[{"taxonomy":"product_brand","embeddable":true,"href":"https:\/\/vitria.com.uy\/web\/wp-json\/wp\/v2\/product_brand?post=997"},{"taxonomy":"product_cat","embeddable":true,"href":"https:\/\/vitria.com.uy\/web\/wp-json\/wp\/v2\/product_cat?post=997"},{"taxonomy":"product_tag","embeddable":true,"href":"https:\/\/vitria.com.uy\/web\/wp-json\/wp\/v2\/product_tag?post=997"}],"curies":[{"name":"wp","href":"https:\/\/api.w.org\/{rel}","templated":true}]}}